{"id":6047,"date":"2025-09-23T16:13:46","date_gmt":"2025-09-23T14:13:46","guid":{"rendered":"https:\/\/zahnklinik-nordhorn.de\/microsurgery\/"},"modified":"2026-01-06T09:59:41","modified_gmt":"2026-01-06T08:59:41","slug":"microsurgery","status":"publish","type":"page","link":"https:\/\/zahnklinik-nordhorn.de\/en\/microsurgery\/","title":{"rendered":"Microsurgery"},"content":{"rendered":"<section class=\"l-section wpb_row us_custom_994bd022 hide_on_mobiles height_huge full_height valign_bottom with_img\"><div class=\"l-section-img\" role=\"img\" data-img-width=\"2000\" data-img-height=\"940\" style=\"background-image: url(https:\/\/zahnklinik-nordhorn.de\/wp-content\/uploads\/2025\/10\/MarketinghuusZahnklinik_118--scaled-e1760091691210.jpg);\"><\/div><div class=\"l-section-overlay\" style=\"background:rgba(208,203,196,0)\"><\/div><div class=\"l-section-h i-cf\"><div class=\"g-cols vc_row via_grid cols_1 laptops-cols_inherit tablets-cols_inherit mobiles-cols_1 valign_top type_default stacking_default\"><div class=\"wpb_column vc_column_container us_custom_0e6056da has_text_color hide_on_mobiles\"><div class=\"vc_column-inner\"><\/div><\/div><\/div><\/div><\/section><section class=\"l-section wpb_row us_custom_a0ea7461 hide_on_mobiles height_small\"><div class=\"l-section-h i-cf\"><div class=\"g-cols vc_row via_grid cols_1 laptops-cols_inherit tablets-cols_inherit mobiles-cols_1 valign_top type_default stacking_default\"><div class=\"wpb_column vc_column_container\"><div class=\"vc_column-inner\"><h1 class=\"w-text us_custom_fe9b7b93\"><span class=\"w-text-h\"><span class=\"w-text-value\">Microsurgery<\/span><\/span><\/h1><div class=\"w-text us_custom_12c92638\"><span class=\"w-text-h\"><span class=\"w-text-value\">Microsurgical root tip resection<\/span><\/span><\/div><div class=\"w-separator size_small\"><\/div><\/div><\/div><\/div><\/div><\/section><section class=\"l-section wpb_row hide_on_default hide_on_laptops hide_on_tablets height_huge with_img\"><div class=\"l-section-img\" role=\"img\" data-img-width=\"2000\" data-img-height=\"940\" style=\"background-image: url(https:\/\/zahnklinik-nordhorn.de\/wp-content\/uploads\/2025\/10\/MarketinghuusZahnklinik_118--scaled-e1760091691210.jpg);background-repeat: no-repeat;\"><\/div><div class=\"l-section-overlay\" style=\"background:rgba(208,203,196,0)\"><\/div><div class=\"l-section-h i-cf\"><div class=\"g-cols vc_row via_grid cols_1 laptops-cols_inherit tablets-cols_inherit mobiles-cols_1 valign_top type_default stacking_default\"><div class=\"wpb_column vc_column_container us_custom_0e6056da has_text_color\"><div class=\"vc_column-inner\"><\/div><\/div><\/div><\/div><\/section><section class=\"l-section wpb_row us_custom_057801f8 hide_on_default hide_on_laptops hide_on_tablets height_small\"><div class=\"l-section-h i-cf\"><div class=\"g-cols vc_row via_grid cols_1 laptops-cols_inherit tablets-cols_inherit mobiles-cols_1 valign_top type_default stacking_default\"><div class=\"wpb_column vc_column_container\"><div class=\"vc_column-inner\"><div class=\"g-cols wpb_row via_grid cols_1 laptops-cols_inherit tablets-cols_inherit mobiles-cols_1 valign_top type_default stacking_default\" style=\"--columns-gap:3rem;\"><div class=\"wpb_column vc_column_container\"><div class=\"vc_column-inner\"><h1 class=\"w-text us_custom_eb849559\"><span class=\"w-text-h\"><span class=\"w-text-value\">Microsurgery<\/span><\/span><\/h1><div class=\"w-text us_custom_12c92638\"><span class=\"w-text-h\"><span class=\"w-text-value\">Microsurgical root tip resection<\/span><\/span><\/div><\/div><\/div><\/div><\/div><\/div><\/div><\/div><\/section><section class=\"l-section wpb_row us_custom_9e96d0eb height_medium\"><div class=\"l-section-h i-cf\"><div class=\"g-cols vc_row via_grid cols_2 laptops-cols_inherit tablets-cols_inherit mobiles-cols_1 valign_top type_default stacking_default\"><div class=\"wpb_column vc_column_container\"><div class=\"vc_column-inner\"><div class=\"wpb_text_column us_custom_432d3f53\"><div class=\"wpb_wrapper\"><h3 style=\"text-align: left;\">Preserving natural teeth \u2013 instead of removing them prematurely:<\/h3>\n<p>Many patients decide too quickly to have a tooth removed when inflammation occurs in the area of the root tip. However, there are now modern, gentle procedures that can preserve the tooth in the long term. <\/p>\n<p>One of the most successful methods is <strong>microsurgical root tip resection (MWR)<\/strong> \u2013 a highly precise procedure that saves the natural tooth in most cases.<\/p>\n<\/div><\/div><\/div><\/div><div class=\"wpb_column vc_column_container us_custom_c8a6dcc3\"><div class=\"vc_column-inner\"><div class=\"w-image has_ratio align_center\"><div class=\"w-image-h\"><div style=\"padding-bottom:60%\"><\/div><img decoding=\"async\" width=\"890\" height=\"523\" src=\"https:\/\/zahnklinik-nordhorn.de\/wp-content\/uploads\/2025\/10\/MarketinghuusZahnklinik_138-freigestellt-e1759999212100.png\" class=\"attachment-full size-full\" alt=\"Zwei digitale R\u00f6ntgenaufnahmen von Backenz\u00e4hnen auf einem Monitor. Die Bilder zeigen Zahnwurzeln, Wurzelkan\u00e4le und den umgebenden Kieferknochen zur Beurteilung des Zahnzustands.\" loading=\"lazy\" \/><\/div><\/div><div class=\"g-cols wpb_row via_grid cols_2 laptops-cols_inherit tablets-cols_inherit mobiles-cols_2 valign_top type_default stacking_default\" style=\"--columns-gap:3rem;\"><div class=\"wpb_column vc_column_container\"><div class=\"vc_column-inner\"><div class=\"wpb_text_column\"><div class=\"wpb_wrapper\"><p>Before<\/p>\n<\/div><\/div><\/div><\/div><div class=\"wpb_column vc_column_container us_custom_8cb262c2\"><div class=\"vc_column-inner\"><div class=\"wpb_text_column\"><div class=\"wpb_wrapper\"><p>After<\/p>\n<\/div><\/div><\/div><\/div><\/div><\/div><\/div><\/div><\/div><\/section><section class=\"l-section wpb_row height_small\"><div class=\"l-section-h i-cf\"><div class=\"g-cols vc_row via_grid cols_1 laptops-cols_inherit tablets-cols_inherit mobiles-cols_1 valign_top type_default stacking_default\"><div class=\"wpb_column vc_column_container\"><div class=\"vc_column-inner\"><div class=\"w-separator size_medium with_line width_default thick_1 style_solid color_border align_center\"><div class=\"w-separator-h\"><\/div><\/div><\/div><\/div><\/div><\/div><\/section><section class=\"l-section wpb_row us_custom_c1069443 height_large\"><div class=\"l-section-h i-cf\"><div class=\"g-cols vc_row via_grid cols_2 laptops-cols_inherit tablets-cols_inherit mobiles-cols_1 valign_top type_default stacking_default\"><div class=\"wpb_column vc_column_container us_custom_c8a6dcc3\"><div class=\"vc_column-inner\"><div class=\"wpb_text_column us_custom_381ef247\"><div class=\"wpb_wrapper\"><h3>Why not just extract it?<\/h3>\n<p>Tooth loss is always a significant disruption to the natural function of the dentition. Replacement with implants or bridges is more costly, more complex, and not always necessary. <\/p>\n<p>After a classic root canal treatment, discomfort may persist. This is due to the complex, individually branched root canal system: not all bacteria can be completely removed. <\/p>\n<p>The result is persistent inflammation in the area of the root tip &#8211; associated with pain, swelling, or chronic discomfort. Many patients then see extraction as the only option. <\/p>\n<\/div><\/div><\/div><\/div><div class=\"wpb_column vc_column_container us_custom_c8a6dcc3\"><div class=\"vc_column-inner\"><div class=\"w-hwrapper valign_top align_none\"><div class=\"w-image align_none meta_simple\"><div class=\"w-image-h\"><img decoding=\"async\" width=\"1500\" height=\"1688\" src=\"https:\/\/zahnklinik-nordhorn.de\/wp-content\/uploads\/2025\/11\/2.jpg\" class=\"attachment-full size-full\" alt=\"\" loading=\"lazy\" srcset=\"https:\/\/zahnklinik-nordhorn.de\/wp-content\/uploads\/2025\/11\/2.jpg 1500w, https:\/\/zahnklinik-nordhorn.de\/wp-content\/uploads\/2025\/11\/2-267x300.jpg 267w, https:\/\/zahnklinik-nordhorn.de\/wp-content\/uploads\/2025\/11\/2-910x1024.jpg 910w, https:\/\/zahnklinik-nordhorn.de\/wp-content\/uploads\/2025\/11\/2-1365x1536.jpg 1365w\" sizes=\"auto, (max-width: 1500px) 100vw, 1500px\" \/><\/div><div class=\"w-image-meta\"><div class=\"w-image-title\">Vorher<\/div><\/div><\/div><div class=\"w-image align_none meta_simple\"><div class=\"w-image-h\"><img decoding=\"async\" width=\"1500\" height=\"1688\" src=\"https:\/\/zahnklinik-nordhorn.de\/wp-content\/uploads\/2025\/11\/1.jpg\" class=\"attachment-full size-full\" alt=\"\" loading=\"lazy\" srcset=\"https:\/\/zahnklinik-nordhorn.de\/wp-content\/uploads\/2025\/11\/1.jpg 1500w, https:\/\/zahnklinik-nordhorn.de\/wp-content\/uploads\/2025\/11\/1-267x300.jpg 267w, https:\/\/zahnklinik-nordhorn.de\/wp-content\/uploads\/2025\/11\/1-910x1024.jpg 910w, https:\/\/zahnklinik-nordhorn.de\/wp-content\/uploads\/2025\/11\/1-1365x1536.jpg 1365w\" sizes=\"auto, (max-width: 1500px) 100vw, 1500px\" \/><\/div><div class=\"w-image-meta\"><div class=\"w-image-title\">Nachher<\/div><\/div><\/div><\/div><\/div><\/div><\/div><\/div><\/section><section class=\"l-section wpb_row height_small\"><div class=\"l-section-h i-cf\"><div class=\"g-cols vc_row via_grid cols_1 laptops-cols_inherit tablets-cols_inherit mobiles-cols_1 valign_top type_default stacking_default\"><div class=\"wpb_column vc_column_container\"><div class=\"vc_column-inner\"><div class=\"w-separator size_medium with_line width_default thick_1 style_solid color_border align_center\"><div class=\"w-separator-h\"><\/div><\/div><\/div><\/div><\/div><\/div><\/section><section class=\"l-section wpb_row us_custom_c1069443 height_large\"><div class=\"l-section-h i-cf\"><div class=\"g-cols vc_row via_grid cols_2 laptops-cols_inherit tablets-cols_inherit mobiles-cols_1 valign_top type_default stacking_default\"><div class=\"wpb_column vc_column_container\"><div class=\"vc_column-inner\"><div class=\"w-image align_none meta_simple\"><div class=\"w-image-h\"><img decoding=\"async\" width=\"1108\" height=\"811\" src=\"https:\/\/zahnklinik-nordhorn.de\/wp-content\/uploads\/2025\/10\/180-ZF.png\" class=\"attachment-full size-full\" alt=\"Zahn\u00e4rztliches R\u00f6ntgenbild mit mehreren Backenz\u00e4hnen \u2013 Darstellung von Wurzelkanalbehandlungen und F\u00fcllungen zur Diagnostik in der Zahnklinik Nordhorn\" loading=\"lazy\" srcset=\"https:\/\/zahnklinik-nordhorn.de\/wp-content\/uploads\/2025\/10\/180-ZF.png 1108w, https:\/\/zahnklinik-nordhorn.de\/wp-content\/uploads\/2025\/10\/180-ZF-300x220.png 300w, https:\/\/zahnklinik-nordhorn.de\/wp-content\/uploads\/2025\/10\/180-ZF-1024x750.png 1024w\" sizes=\"auto, (max-width: 1108px) 100vw, 1108px\" \/><\/div><div class=\"w-image-meta\"><div class=\"w-image-title\">Vorher<\/div><\/div><\/div><\/div><\/div><div class=\"wpb_column vc_column_container\"><div class=\"vc_column-inner\"><div class=\"w-image align_none meta_simple\"><div class=\"w-image-h\"><img decoding=\"async\" width=\"1219\" height=\"877\" src=\"https:\/\/zahnklinik-nordhorn.de\/wp-content\/uploads\/2025\/10\/180-ZF-a.png\" class=\"attachment-full size-full\" alt=\"Zahn\u00e4rztliches R\u00f6ntgenbild mit mehreren Backenz\u00e4hnen \u2013 Darstellung von Wurzelkanalbehandlungen und F\u00fcllungen zur Diagnostik in der Zahnklinik Nordhorn\" loading=\"lazy\" srcset=\"https:\/\/zahnklinik-nordhorn.de\/wp-content\/uploads\/2025\/10\/180-ZF-a.png 1219w, https:\/\/zahnklinik-nordhorn.de\/wp-content\/uploads\/2025\/10\/180-ZF-a-300x216.png 300w, https:\/\/zahnklinik-nordhorn.de\/wp-content\/uploads\/2025\/10\/180-ZF-a-1024x737.png 1024w\" sizes=\"auto, (max-width: 1219px) 100vw, 1219px\" \/><\/div><div class=\"w-image-meta\"><div class=\"w-image-title\">Nachher<\/div><\/div><\/div><\/div><\/div><\/div><\/div><\/section><section class=\"l-section wpb_row us_custom_c1069443 height_large\"><div class=\"l-section-h i-cf\"><div class=\"g-cols vc_row via_grid cols_1 laptops-cols_inherit tablets-cols_inherit mobiles-cols_1 valign_top type_default stacking_default\"><div class=\"wpb_column vc_column_container\"><div class=\"vc_column-inner\"><div class=\"w-separator size_medium\"><\/div><div class=\"wpb_text_column us_custom_432d3f53\"><div class=\"wpb_wrapper\"><h3 style=\"text-align: left;\">Microsurgical root tip resection<\/h3>\n<p>In MWR, the inflamed tissue at the root tip is microsurgically removed. Using magnifying glasses and an operating microscope, the root canals can then be thoroughly cleaned and sealed with biocompatible materials to prevent bacterial leakage \u2013 significantly more effective than with classic methods. <\/p>\n<p>The procedure is based on the microsurgical techniques of Prof. Kim (University of Pennsylvania, USA). Characteristic features include minimally invasive access, the exact removal of only a few millimeters of the affected root tip, high-resolution imaging under up to 40x magnification, and retrograde preparation of the canals. The closure is performed with biocompatible materials that ensure a tight seal and enable complete bone healing.  <\/p>\n<p>The result is the permanent elimination of inflammation and the preservation of the natural tooth.<\/p>\n<\/div><\/div><\/div><\/div><\/div><\/div><\/section><section class=\"l-section wpb_row height_small\"><div class=\"l-section-h i-cf\"><div class=\"g-cols vc_row via_grid cols_1 laptops-cols_inherit tablets-cols_inherit mobiles-cols_1 valign_top type_default stacking_default\"><div class=\"wpb_column vc_column_container\"><div class=\"vc_column-inner\"><div class=\"w-separator size_medium with_line width_default thick_1 style_solid color_border align_center\"><div class=\"w-separator-h\"><\/div><\/div><\/div><\/div><\/div><\/div><\/section><section class=\"l-section wpb_row us_custom_c1069443 height_medium\"><div class=\"l-section-h i-cf\"><div class=\"g-cols vc_row via_grid cols_1 laptops-cols_inherit tablets-cols_inherit mobiles-cols_1 valign_top type_default stacking_default\"><div class=\"wpb_column vc_column_container\"><div class=\"vc_column-inner\"><div class=\"wpb_text_column us_custom_432d3f53\"><div class=\"wpb_wrapper\"><h3>When is MWR useful?<\/h3>\n<p>A microsurgical root tip resection may be indicated if:<\/p>\n<ul>\n<li>persistent pain occurs when chewing (bite discomfort)<\/li>\n<li>the gums in the area of the root tip are swollen or sensitive to pressure<\/li>\n<li>a fistula has formed with fluid discharge<\/li>\n<li>radiological changes are visible in the area of the root tip<\/li>\n<li>a root filling is too short or too long<\/li>\n<li>a conventional root tip resection was unsuccessful<\/li>\n<li>recurrent infections or an increased susceptibility to infection are present<\/li>\n<\/ul>\n<\/div><\/div><\/div><\/div><\/div><\/div><\/section><section class=\"l-section wpb_row height_small\"><div class=\"l-section-h i-cf\"><div class=\"g-cols vc_row via_grid cols_1 laptops-cols_inherit tablets-cols_inherit mobiles-cols_1 valign_top type_default stacking_default\"><div class=\"wpb_column vc_column_container\"><div class=\"vc_column-inner\"><div class=\"w-separator size_medium with_line width_default thick_1 style_solid color_border align_center\"><div class=\"w-separator-h\"><\/div><\/div><\/div><\/div><\/div><\/div><\/section><section class=\"l-section wpb_row us_custom_c1069443 height_medium\"><div class=\"l-section-h i-cf\"><div class=\"g-cols vc_row via_grid cols_1-2 laptops-cols_inherit tablets-cols_inherit mobiles-cols_1 valign_top type_default stacking_default\"><div class=\"wpb_column vc_column_container\"><div class=\"vc_column-inner\"><div class=\"wpb_text_column\"><div class=\"wpb_wrapper\"><h3>Success rate in comparison<\/h3>\n<\/div><\/div><\/div><\/div><div class=\"wpb_column vc_column_container\"><div class=\"vc_column-inner\"><div class=\"wpb_text_column us_custom_432d3f53\"><div class=\"wpb_wrapper\"><p><strong>The classic root tip resection achieves a success rate of only about 40%. With the microsurgical technique according to Prof. Kim, the success rate is over 90%. <\/strong><\/p>\n<p>The reason for this is the combination of state-of-the-art microscope technology, precise retrograde preparation, and bacteria-tight closure. This allows even the finest lateral canals or micro-cracks to be detected and reliably treated.<\/p>\n<\/div><\/div><\/div><\/div><\/div><\/div><\/section><section class=\"l-section wpb_row height_small\"><div class=\"l-section-h i-cf\"><div class=\"g-cols vc_row via_grid cols_1 laptops-cols_inherit tablets-cols_inherit mobiles-cols_1 valign_top type_default stacking_default\"><div class=\"wpb_column vc_column_container\"><div class=\"vc_column-inner\"><div class=\"w-separator size_medium with_line width_default thick_1 style_solid color_border align_center\"><div class=\"w-separator-h\"><\/div><\/div><\/div><\/div><\/div><\/div><\/section><section class=\"l-section wpb_row us_custom_c1069443 height_large\"><div class=\"l-section-h i-cf\"><div class=\"g-cols vc_row via_grid cols_1 laptops-cols_inherit tablets-cols_inherit mobiles-cols_1 valign_top type_default stacking_default\"><div class=\"wpb_column vc_column_container\"><div class=\"vc_column-inner\"><div class=\"wpb_text_column us_custom_432d3f53\"><div class=\"wpb_wrapper\"><h3>Advantages of the microsurgical method<\/h3>\n<ul>\n<li>Success rate over 90%<\/li>\n<li>usually fully capable of working again after 2\u20133 days<\/li>\n<li>complete bone regeneration possible<\/li>\n<li>sustainable and more cost-effective alternative to dental prosthetics such as implants or bridges<\/li>\n<\/ul>\n<\/div><\/div><\/div><\/div><\/div><\/div><\/section><section class=\"l-section wpb_row height_small\"><div class=\"l-section-h i-cf\"><div class=\"g-cols vc_row via_grid cols_1 laptops-cols_inherit tablets-cols_inherit mobiles-cols_1 valign_top type_default stacking_default\"><div class=\"wpb_column vc_column_container\"><div class=\"vc_column-inner\"><div class=\"w-separator size_medium with_line width_default thick_1 style_solid color_border align_center\"><div class=\"w-separator-h\"><\/div><\/div><\/div><\/div><\/div><\/div><\/section><section class=\"l-section wpb_row us_custom_c1069443 height_large\"><div class=\"l-section-h i-cf\"><div class=\"g-cols vc_row via_grid cols_1 laptops-cols_inherit tablets-cols_inherit mobiles-cols_1 valign_top type_default stacking_default\"><div class=\"wpb_column vc_column_container\"><div class=\"vc_column-inner\"><div class=\"wpb_text_column us_custom_432d3f53\"><div class=\"wpb_wrapper\"><h3>Success monitoring<\/h3>\n<p>To reliably assess the long-term benefits of a therapy, we conduct systematic follow-up examinations. Patients who have been treated with this method usually present again after three months. If necessary, a further check is carried out after six months. In this way, it can be clearly determined whether complete healing has occurred at the root tip.<\/p>\n<p>The result is precisely checked by X-rays: newly formed bone in the area of the root tip indicates that the chewing function has been fully restored. At the same time, patients report on their experiences during the healing process and provide information on the resilience of the affected tooth.<\/p>\n<p>Only when both the radiological findings and the subjective feedback are convincing do we speak of a stable and lasting treatment success. In this case, after our approval, the teeth can be provided by the dentist with dental prosthetics such as crowns, bridges or denture elements.<\/p>\n<\/div><\/div><\/div><\/div><\/div><\/div><\/section><section class=\"l-section wpb_row height_small\"><div class=\"l-section-h i-cf\"><div class=\"g-cols vc_row via_grid cols_1 laptops-cols_inherit tablets-cols_inherit mobiles-cols_1 valign_top type_default stacking_default\"><div class=\"wpb_column vc_column_container\"><div class=\"vc_column-inner\"><div class=\"w-separator size_medium\"><\/div><\/div><\/div><\/div><\/div><\/section>\n","protected":false},"excerpt":{"rendered":"MicrosurgeryMicrosurgical root tip resectionMicrosurgeryMicrosurgical root tip resectionPreserving natural teeth \u2013 instead of removing them prematurely: Many patients decide too quickly to have a tooth removed when inflammation occurs in the area of the root tip. However, there are now modern, gentle procedures that can preserve the tooth in the long term. One of the most...","protected":false},"author":1,"featured_media":0,"parent":0,"menu_order":0,"comment_status":"closed","ping_status":"closed","template":"","meta":{"footnotes":""},"class_list":["post-6047","page","type-page","status-publish","hentry"],"_links":{"self":[{"href":"https:\/\/zahnklinik-nordhorn.de\/en\/wp-json\/wp\/v2\/pages\/6047","targetHints":{"allow":["GET"]}}],"collection":[{"href":"https:\/\/zahnklinik-nordhorn.de\/en\/wp-json\/wp\/v2\/pages"}],"about":[{"href":"https:\/\/zahnklinik-nordhorn.de\/en\/wp-json\/wp\/v2\/types\/page"}],"author":[{"embeddable":true,"href":"https:\/\/zahnklinik-nordhorn.de\/en\/wp-json\/wp\/v2\/users\/1"}],"replies":[{"embeddable":true,"href":"https:\/\/zahnklinik-nordhorn.de\/en\/wp-json\/wp\/v2\/comments?post=6047"}],"version-history":[{"count":3,"href":"https:\/\/zahnklinik-nordhorn.de\/en\/wp-json\/wp\/v2\/pages\/6047\/revisions"}],"predecessor-version":[{"id":6051,"href":"https:\/\/zahnklinik-nordhorn.de\/en\/wp-json\/wp\/v2\/pages\/6047\/revisions\/6051"}],"wp:attachment":[{"href":"https:\/\/zahnklinik-nordhorn.de\/en\/wp-json\/wp\/v2\/media?parent=6047"}],"curies":[{"name":"wp","href":"https:\/\/api.w.org\/{rel}","templated":true}]}}