{"id":6069,"date":"2025-08-15T14:51:02","date_gmt":"2025-08-15T12:51:02","guid":{"rendered":"https:\/\/zahnklinik-nordhorn.de\/root-canal-treatment\/"},"modified":"2026-01-06T09:59:47","modified_gmt":"2026-01-06T08:59:47","slug":"root-canal-treatment","status":"publish","type":"page","link":"https:\/\/zahnklinik-nordhorn.de\/en\/root-canal-treatment\/","title":{"rendered":"Root canal treatment"},"content":{"rendered":"<section class=\"l-section wpb_row us_custom_994bd022 hide_on_mobiles height_huge full_height valign_bottom with_img\"><div class=\"l-section-img\" role=\"img\" data-img-width=\"2000\" data-img-height=\"913\" style=\"background-image: url(https:\/\/zahnklinik-nordhorn.de\/wp-content\/uploads\/2025\/10\/MarketinghuusZahnklinik_108-erweitert-min-scaled.jpg);\"><\/div><div class=\"l-section-overlay\" style=\"background:rgba(208,203,196,0)\"><\/div><div class=\"l-section-h i-cf\"><div class=\"g-cols vc_row via_grid cols_1 laptops-cols_inherit tablets-cols_inherit mobiles-cols_1 valign_top type_default stacking_default\"><div class=\"wpb_column vc_column_container us_custom_0e6056da has_text_color\"><div class=\"vc_column-inner\"><\/div><\/div><\/div><\/div><\/section><section class=\"l-section wpb_row us_custom_a0ea7461 hide_on_mobiles height_small\"><div class=\"l-section-h i-cf\"><div class=\"g-cols vc_row via_grid cols_1 laptops-cols_inherit tablets-cols_inherit mobiles-cols_1 valign_top type_default stacking_default\"><div class=\"wpb_column vc_column_container\"><div class=\"vc_column-inner\"><h1 class=\"w-text us_custom_3271369c\"><span class=\"w-text-h\"><span class=\"w-text-value\">ROOT CANAL TREATMENT<\/span><\/span><\/h1><div class=\"w-text us_custom_12c92638\"><span class=\"w-text-h\"><span class=\"w-text-value\">To preserve your natural tooth<\/span><\/span><\/div><\/div><\/div><\/div><\/div><\/section><section class=\"l-section wpb_row hide_on_default hide_on_laptops hide_on_tablets height_huge with_img\"><div class=\"l-section-img\" role=\"img\" data-img-width=\"2000\" data-img-height=\"913\" style=\"background-image: url(https:\/\/zahnklinik-nordhorn.de\/wp-content\/uploads\/2025\/10\/MarketinghuusZahnklinik_108-erweitert-min-scaled.jpg);background-repeat: no-repeat;\"><\/div><div class=\"l-section-overlay\" style=\"background:rgba(208,203,196,0)\"><\/div><div class=\"l-section-h i-cf\"><div class=\"g-cols vc_row via_grid cols_1 laptops-cols_inherit tablets-cols_inherit mobiles-cols_1 valign_top type_default stacking_default\"><div class=\"wpb_column vc_column_container us_custom_0e6056da has_text_color\"><div class=\"vc_column-inner\"><\/div><\/div><\/div><\/div><\/section><section class=\"l-section wpb_row us_custom_057801f8 hide_on_default hide_on_laptops hide_on_tablets height_small\"><div class=\"l-section-h i-cf\"><div class=\"g-cols vc_row via_grid cols_1 laptops-cols_inherit tablets-cols_inherit mobiles-cols_1 valign_top type_default stacking_default\"><div class=\"wpb_column vc_column_container\"><div class=\"vc_column-inner\"><div class=\"g-cols wpb_row via_grid cols_1 laptops-cols_inherit tablets-cols_inherit mobiles-cols_1 valign_top type_default stacking_default\" style=\"--columns-gap:3rem;\"><div class=\"wpb_column vc_column_container\"><div class=\"vc_column-inner\"><h1 class=\"w-text us_custom_eb849559\"><span class=\"w-text-h\"><span class=\"w-text-value\">ROOT CANAL TREATMENT<\/span><\/span><\/h1><div class=\"w-text us_custom_12c92638\"><span class=\"w-text-h\"><span class=\"w-text-value\">To preserve your natural tooth<\/span><\/span><\/div><\/div><\/div><\/div><\/div><\/div><\/div><\/div><\/section><section class=\"l-section wpb_row us_custom_33fe73d0 height_small\"><div class=\"l-section-h i-cf\"><div class=\"g-cols vc_row via_grid cols_1 laptops-cols_inherit tablets-cols_inherit mobiles-cols_1 valign_top type_default stacking_default\"><div class=\"wpb_column vc_column_container\"><div class=\"vc_column-inner\"><div class=\"wpb_text_column us_custom_432d3f53\"><div class=\"wpb_wrapper\"><p>At ZahnKlinik Nordhorn, we are committed to preserving your natural teeth for as long as possible. An important measure for this is modern and gentle root canal treatment (endodontics) \u2013 especially when the inside of the tooth is inflamed or has already died.<\/p>\n<\/div><\/div><\/div><\/div><\/div><\/div><\/section><section class=\"l-section wpb_row height_small\"><div class=\"l-section-h i-cf\"><div class=\"g-cols vc_row via_grid cols_1 laptops-cols_inherit tablets-cols_inherit mobiles-cols_1 valign_top type_default stacking_default\"><div class=\"wpb_column vc_column_container\"><div class=\"vc_column-inner\"><div class=\"w-separator size_small with_line width_default thick_1 style_solid color_border align_center\"><div class=\"w-separator-h\"><\/div><\/div><\/div><\/div><\/div><\/div><\/section><section class=\"l-section wpb_row us_custom_c1069443 height_small\"><div class=\"l-section-h i-cf\"><div class=\"g-cols vc_row via_grid cols_2 laptops-cols_inherit tablets-cols_inherit mobiles-cols_1 valign_top type_default stacking_default\"><div class=\"wpb_column vc_column_container\"><div class=\"vc_column-inner\"><div class=\"wpb_text_column us_custom_432d3f53\"><div class=\"wpb_wrapper\"><h3 style=\"text-align: left;\">When is root canal treatment necessary?<\/h3>\n<p>The inside of the tooth, also known as the dental nerve or pulp, can become inflamed due to deep cavities, tooth fractures, or leaky fillings.<\/p>\n<p>If this inflammation is not treated, it can spread through the root tip into the jawbone \u2013 with unpleasant consequences.<\/p>\n<p>The symptoms range from throbbing pain, pressure sensitivity, and swelling to painless chronic inflammation, which is often discovered accidentally on an X-ray.<\/p>\n<p>Not every inflamed tooth immediately causes acute symptoms \u2013 but every untreated tooth carries risks.<\/p>\n<\/div><\/div><\/div><\/div><div class=\"wpb_column vc_column_container us_custom_3718e231\"><div class=\"vc_column-inner\"><div class=\"w-image us_custom_1ee2ccfd has_ratio align_none\"><div class=\"w-image-h\"><div style=\"padding-bottom:75%\"><\/div><img decoding=\"async\" width=\"1024\" height=\"622\" src=\"https:\/\/zahnklinik-nordhorn.de\/wp-content\/uploads\/2025\/10\/iStock-1156391017-1024x622.jpg\" class=\"attachment-large size-large\" alt=\"Grafische Gegen\u00fcberstellung eines gesunden Zahns (links) und eines erkrankten Zahns mit Karies und Entz\u00fcndung der Zahnwurzel (rechts). Die Abbildung zeigt die inneren Strukturen wie Zahnnerv, Blutgef\u00e4\u00dfe und Knochengewebe.\" loading=\"lazy\" \/><\/div><\/div><\/div><\/div><\/div><\/div><\/section><section class=\"l-section wpb_row height_small\"><div class=\"l-section-h i-cf\"><div class=\"g-cols vc_row via_grid cols_1 laptops-cols_inherit tablets-cols_inherit mobiles-cols_1 valign_top type_default stacking_default\"><div class=\"wpb_column vc_column_container\"><div class=\"vc_column-inner\"><div class=\"w-separator size_small with_line width_default thick_1 style_solid color_border align_center\"><div class=\"w-separator-h\"><\/div><\/div><\/div><\/div><\/div><\/div><\/section><section class=\"l-section wpb_row us_custom_c1069443 height_small\"><div class=\"l-section-h i-cf\"><div class=\"g-cols vc_row via_grid cols_1-2 laptops-cols_inherit tablets-cols_inherit mobiles-cols_1 valign_top type_default stacking_default\"><div class=\"wpb_column vc_column_container\"><div class=\"vc_column-inner\"><div class=\"wpb_text_column\"><div class=\"wpb_wrapper\"><h3>Your advantages at the Nordhorn Dental Clinic<\/h3>\n<\/div><\/div><\/div><\/div><div class=\"wpb_column vc_column_container\"><div class=\"vc_column-inner\"><div class=\"wpb_text_column us_custom_432d3f53\"><div class=\"wpb_wrapper\"><p>Thanks to the latest technologies, state-of-the-art equipment, and a clearly structured treatment concept, we offer you efficient, low-pain, and safe root canal treatment \u2013 with the aim of preserving the tooth in the long term.<\/p>\n<\/div><\/div><\/div><\/div><\/div><\/div><\/section><section class=\"l-section wpb_row height_small\"><div class=\"l-section-h i-cf\"><div class=\"g-cols vc_row via_grid cols_1 laptops-cols_inherit tablets-cols_inherit mobiles-cols_1 valign_top type_default stacking_default\"><div class=\"wpb_column vc_column_container\"><div class=\"vc_column-inner\"><div class=\"w-separator size_small with_line width_default thick_1 style_solid color_border align_center\"><div class=\"w-separator-h\"><\/div><\/div><\/div><\/div><\/div><\/div><\/section><section class=\"l-section wpb_row us_custom_c1069443 height_small\"><div class=\"l-section-h i-cf\"><div class=\"g-cols vc_row via_grid cols_2 laptops-cols_inherit tablets-cols_inherit mobiles-cols_1 valign_top type_default stacking_default\"><div class=\"wpb_column vc_column_container us_custom_c8a6dcc3\"><div class=\"vc_column-inner\"><div class=\"wpb_text_column us_custom_381ef247\"><div class=\"wpb_wrapper\"><h3>What we use:<\/h3>\n<ul>\n<li>Magnifying glasses and dental microscope for maximum precision<\/li>\n<li>Machine-assisted, computer-aided root canal preparation for thorough cleaning<\/li>\n<li>Careful rinsing of the root canal system with disinfecting solutions<\/li>\n<li>Sound-activated rinsing technology (EDDY\u00ae) for effective activation of the rinsing liquid<\/li>\n<li>Digital X-ray for exact diagnostics and control<\/li>\n<\/ul>\n<\/div><\/div><\/div><\/div><div class=\"wpb_column vc_column_container\"><div class=\"vc_column-inner\"><div class=\"w-image has_ratio align_none\"><div class=\"w-image-h\"><div style=\"padding-bottom:56.25%\"><\/div><img decoding=\"async\" width=\"1024\" height=\"683\" src=\"https:\/\/zahnklinik-nordhorn.de\/wp-content\/uploads\/2025\/09\/MarketinghuusZahnklinik_120-1024x683.jpg\" class=\"attachment-large size-large\" alt=\"Zahnarzt-Lupe mit integrierter LED-Beleuchtung liegt auf einem Metalltisch \u2013 Pr\u00e4zisionsinstrument f\u00fcr detailgenaue zahn\u00e4rztliche Eingriffe.\" loading=\"lazy\" \/><\/div><\/div><div class=\"w-separator size_custom\" style=\"height:10px\"><\/div><div class=\"w-image has_ratio align_none\"><div class=\"w-image-h\"><div style=\"padding-bottom:56.25%\"><\/div><img decoding=\"async\" width=\"1024\" height=\"683\" src=\"https:\/\/zahnklinik-nordhorn.de\/wp-content\/uploads\/2025\/09\/MarketinghuusZahnklinik_086-1024x683.jpg\" class=\"attachment-large size-large\" alt=\"\" loading=\"lazy\" \/><\/div><\/div><\/div><\/div><\/div><\/div><\/section><section class=\"l-section wpb_row height_small\"><div class=\"l-section-h i-cf\"><div class=\"g-cols vc_row via_grid cols_1 laptops-cols_inherit tablets-cols_inherit mobiles-cols_1 valign_top type_default stacking_default\"><div class=\"wpb_column vc_column_container\"><div class=\"vc_column-inner\"><div class=\"w-separator size_small with_line width_default thick_1 style_solid color_border align_center\"><div class=\"w-separator-h\"><\/div><\/div><\/div><\/div><\/div><\/div><\/section><section class=\"l-section wpb_row us_custom_c1069443 height_small\"><div class=\"l-section-h i-cf\"><div class=\"g-cols vc_row via_grid cols_1-2 laptops-cols_inherit tablets-cols_inherit mobiles-cols_1 valign_top type_default stacking_default\"><div class=\"wpb_column vc_column_container\"><div class=\"vc_column-inner\"><div class=\"wpb_text_column\"><div class=\"wpb_wrapper\"><h3>Why is modern endodontics so important?<\/h3>\n<\/div><\/div><\/div><\/div><div class=\"wpb_column vc_column_container\"><div class=\"vc_column-inner\"><div class=\"wpb_text_column us_custom_432d3f53\"><div class=\"wpb_wrapper\"><p>Successful root canal treatment prevents the spread of inflammation in the body and protects the tooth from extraction. The more precise the cleaning and sealing of the canals, the greater the chance that the tooth will be preserved for many years \u2013 often decades.<\/p>\n<\/div><\/div><\/div><\/div><\/div><\/div><\/section><section class=\"l-section wpb_row height_small\"><div class=\"l-section-h i-cf\"><div class=\"g-cols vc_row via_grid cols_1 laptops-cols_inherit tablets-cols_inherit mobiles-cols_1 valign_top type_default stacking_default\"><div class=\"wpb_column vc_column_container\"><div class=\"vc_column-inner\"><div class=\"w-separator size_medium\"><\/div><\/div><\/div><\/div><\/div><\/section>\n","protected":false},"excerpt":{"rendered":"ROOT CANAL TREATMENTTo preserve your natural toothROOT CANAL TREATMENTTo preserve your natural toothAt ZahnKlinik Nordhorn, we are committed to preserving your natural teeth for as long as possible. An important measure for this is modern and gentle root canal treatment (endodontics) \u2013 especially when the inside of the tooth is inflamed or has already died....","protected":false},"author":1,"featured_media":0,"parent":0,"menu_order":0,"comment_status":"closed","ping_status":"closed","template":"","meta":{"footnotes":""},"class_list":["post-6069","page","type-page","status-publish","hentry"],"_links":{"self":[{"href":"https:\/\/zahnklinik-nordhorn.de\/en\/wp-json\/wp\/v2\/pages\/6069","targetHints":{"allow":["GET"]}}],"collection":[{"href":"https:\/\/zahnklinik-nordhorn.de\/en\/wp-json\/wp\/v2\/pages"}],"about":[{"href":"https:\/\/zahnklinik-nordhorn.de\/en\/wp-json\/wp\/v2\/types\/page"}],"author":[{"embeddable":true,"href":"https:\/\/zahnklinik-nordhorn.de\/en\/wp-json\/wp\/v2\/users\/1"}],"replies":[{"embeddable":true,"href":"https:\/\/zahnklinik-nordhorn.de\/en\/wp-json\/wp\/v2\/comments?post=6069"}],"version-history":[{"count":3,"href":"https:\/\/zahnklinik-nordhorn.de\/en\/wp-json\/wp\/v2\/pages\/6069\/revisions"}],"predecessor-version":[{"id":6076,"href":"https:\/\/zahnklinik-nordhorn.de\/en\/wp-json\/wp\/v2\/pages\/6069\/revisions\/6076"}],"wp:attachment":[{"href":"https:\/\/zahnklinik-nordhorn.de\/en\/wp-json\/wp\/v2\/media?parent=6069"}],"curies":[{"name":"wp","href":"https:\/\/api.w.org\/{rel}","templated":true}]}}