{"id":6113,"date":"2025-08-15T14:21:22","date_gmt":"2025-08-15T12:21:22","guid":{"rendered":"https:\/\/zahnklinik-nordhorn.de\/professional-teeth-cleaning\/"},"modified":"2026-01-06T10:00:09","modified_gmt":"2026-01-06T09:00:09","slug":"professional-teeth-cleaning","status":"publish","type":"page","link":"https:\/\/zahnklinik-nordhorn.de\/en\/professional-teeth-cleaning\/","title":{"rendered":"Professional teeth cleaning"},"content":{"rendered":"<section class=\"l-section wpb_row us_custom_994bd022 hide_on_mobiles height_huge full_height valign_bottom with_img\"><div class=\"l-section-img\" role=\"img\" data-img-width=\"1254\" data-img-height=\"700\" style=\"background-image: url(https:\/\/zahnklinik-nordhorn.de\/wp-content\/uploads\/2025\/10\/Header-Zahnklinik.png);\"><\/div><div class=\"l-section-overlay\" style=\"background:rgba(208,203,196,0)\"><\/div><div class=\"l-section-h i-cf\"><div class=\"g-cols vc_row via_grid cols_1 laptops-cols_inherit tablets-cols_inherit mobiles-cols_1 valign_top type_default stacking_default\"><div class=\"wpb_column vc_column_container us_custom_0e6056da has_text_color\"><div class=\"vc_column-inner\"><\/div><\/div><\/div><\/div><\/section><section class=\"l-section wpb_row us_custom_a0ea7461 hide_on_mobiles height_small\"><div class=\"l-section-h i-cf\"><div class=\"g-cols vc_row via_grid cols_1 laptops-cols_inherit tablets-cols_inherit mobiles-cols_1 valign_top type_default stacking_default\"><div class=\"wpb_column vc_column_container\"><div class=\"vc_column-inner\"><h1 class=\"w-text us_custom_3271369c\"><span class=\"w-text-h\"><span class=\"w-text-value\">PROFESSIONAL TEETH CLEANING<\/span><\/span><\/h1><div class=\"w-text us_custom_12c92638\"><span class=\"w-text-h\"><span class=\"w-text-value\">Professional teeth cleaning (PZR)<\/span><\/span><\/div><div class=\"w-separator size_small\"><\/div><\/div><\/div><\/div><\/div><\/section><section class=\"l-section wpb_row hide_on_default hide_on_laptops hide_on_tablets height_huge with_img\"><div class=\"l-section-img\" role=\"img\" data-img-width=\"1254\" data-img-height=\"700\" style=\"background-image: url(https:\/\/zahnklinik-nordhorn.de\/wp-content\/uploads\/2025\/10\/Header-Zahnklinik.png);background-repeat: no-repeat;\"><\/div><div class=\"l-section-overlay\" style=\"background:rgba(208,203,196,0)\"><\/div><div class=\"l-section-h i-cf\"><div class=\"g-cols vc_row via_grid cols_1 laptops-cols_inherit tablets-cols_inherit mobiles-cols_1 valign_top type_default stacking_default\"><div class=\"wpb_column vc_column_container us_custom_0e6056da has_text_color\"><div class=\"vc_column-inner\"><\/div><\/div><\/div><\/div><\/section><section class=\"l-section wpb_row us_custom_057801f8 hide_on_default hide_on_laptops hide_on_tablets height_small\"><div class=\"l-section-h i-cf\"><div class=\"g-cols vc_row via_grid cols_1 laptops-cols_inherit tablets-cols_inherit mobiles-cols_1 valign_top type_default stacking_default\"><div class=\"wpb_column vc_column_container\"><div class=\"vc_column-inner\"><div class=\"g-cols wpb_row via_grid cols_1 laptops-cols_inherit tablets-cols_inherit mobiles-cols_1 valign_top type_default stacking_default\" style=\"--columns-gap:3rem;\"><div class=\"wpb_column vc_column_container\"><div class=\"vc_column-inner\"><h1 class=\"w-text us_custom_eb849559\"><span class=\"w-text-h\"><span class=\"w-text-value\">PROFES-SIONAL TEETH CLEANING<\/span><\/span><\/h1><div class=\"w-text us_custom_12c92638\"><span class=\"w-text-h\"><span class=\"w-text-value\">Professional teeth cleaning (PZR)<\/span><\/span><\/div><\/div><\/div><\/div><\/div><\/div><\/div><\/div><\/section><section class=\"l-section wpb_row us_custom_4edece6e height_medium\"><div class=\"l-section-h i-cf\"><div class=\"g-cols vc_row via_grid cols_2 laptops-cols_inherit tablets-cols_inherit mobiles-cols_1 valign_top type_default stacking_default\"><div class=\"wpb_column vc_column_container us_custom_3718e231\"><div class=\"vc_column-inner\"><div class=\"wpb_text_column us_custom_432d3f53\"><div class=\"wpb_wrapper\"><h3 style=\"text-align: left;\">An elementary component of our treatment concept<\/h3>\n<p>In many dental practices, the focus is still primarily on repairing and treating dental diseases, rather than on prevention.<\/p>\n<p>However, this is gradually changing. Prophylactic measures such as professional teeth cleaning are becoming increasingly important \u2013 also in our practice clinic in Nordhorn.<\/p>\n<\/div><\/div><\/div><\/div><div class=\"wpb_column vc_column_container\"><div class=\"vc_column-inner\"><div class=\"w-image align_none\"><div class=\"w-image-h\"><img decoding=\"async\" width=\"1024\" height=\"683\" src=\"https:\/\/zahnklinik-nordhorn.de\/wp-content\/uploads\/2025\/09\/MarketinghuusZahnklinik_026-1024x683.jpg\" class=\"attachment-large size-large\" alt=\"Im Empfangsbereich der Zahnklinik Nordhorn stehen drei Teammitglieder in blauen Praxisoberteilen vor dem Schriftzug \u201eZahnklinik Nordhorn\u201c.\" loading=\"lazy\" srcset=\"https:\/\/zahnklinik-nordhorn.de\/wp-content\/uploads\/2025\/09\/MarketinghuusZahnklinik_026-1024x683.jpg 1024w, https:\/\/zahnklinik-nordhorn.de\/wp-content\/uploads\/2025\/09\/MarketinghuusZahnklinik_026-300x200.jpg 300w, https:\/\/zahnklinik-nordhorn.de\/wp-content\/uploads\/2025\/09\/MarketinghuusZahnklinik_026-1536x1024.jpg 1536w, https:\/\/zahnklinik-nordhorn.de\/wp-content\/uploads\/2025\/09\/MarketinghuusZahnklinik_026-scaled.jpg 2000w\" sizes=\"auto, (max-width: 1024px) 100vw, 1024px\" \/><\/div><\/div><\/div><\/div><\/div><\/div><\/section><section class=\"l-section wpb_row us_custom_e9e9c146 height_large\"><div class=\"l-section-h i-cf\"><div class=\"g-cols vc_row via_grid cols_2 laptops-cols_inherit tablets-cols_inherit mobiles-cols_1 valign_top type_default reversed stacking_default\"><div class=\"wpb_column vc_column_container us_custom_c8a6dcc3\"><div class=\"vc_column-inner\"><div class=\"w-image has_ratio align_none\"><div class=\"w-image-h\"><div style=\"padding-bottom:100%\"><\/div><img decoding=\"async\" width=\"1024\" height=\"683\" src=\"https:\/\/zahnklinik-nordhorn.de\/wp-content\/uploads\/2025\/09\/MarketinghuusZahnklinik_023-1024x683.jpg\" class=\"attachment-large size-large\" alt=\"In der Zahnklinik sieht man eine Fachperson im blauen Kittel bei einem digitalen R\u00f6ntgenbild, vor wei\u00dfem Behandlungsstuhl und moderner Technik.\" loading=\"lazy\" \/><\/div><\/div><\/div><\/div><div class=\"wpb_column vc_column_container us_custom_3718e231\"><div class=\"vc_column-inner\"><div class=\"wpb_text_column us_custom_c768db49\"><div class=\"wpb_wrapper\"><h3>Why is prophylaxis important?<\/h3>\n<p>Regular professional teeth cleaning (PZR) is a crucial building block for long-term dental health. It makes a significant contribution to preventing tooth decay and gum diseases such as periodontitis, and helps to extend the lifespan of your teeth and dentures. <\/p>\n<p>The aim of PZR is to remove stubborn plaque that can accumulate over time on the tooth surfaces and around the gum line.<\/p>\n<p>Up to 40% of the tooth surface cannot be freed from bacteria and residue by conventional dental care at home, especially in the interdental spaces, which enormously increases the risk of tooth decay or periodontitis.<\/p>\n<p>Regular PZR minimizes the risk of tooth decay by a factor of 70, for example, and thus contributes to long-term dental health.<\/p>\n<\/div><\/div><\/div><\/div><\/div><\/div><\/section><section class=\"l-section wpb_row us_custom_e9e9c146 height_large\"><div class=\"l-section-h i-cf\"><div class=\"g-cols vc_row via_grid cols_2 laptops-cols_inherit tablets-cols_inherit mobiles-cols_1 valign_top type_default stacking_default\"><div class=\"wpb_column vc_column_container us_custom_3718e231\"><div class=\"vc_column-inner\"><div class=\"wpb_text_column us_custom_c768db49\"><div class=\"wpb_wrapper\"><h3 style=\"text-align: left;\">Procedure for professional teeth cleaning<\/h3>\n<p>As part of the professional teeth cleaning, a thorough examination of your teeth and gums is carried out first.<\/p>\n<p>Plaque and tartar are then removed from the tooth surfaces, followed by polishing the teeth to make the surface smooth and more resistant to new plaque.<\/p>\n<p>Finally, a fluoride treatment is carried out to strengthen the tooth enamel and prevent further tooth decay.<\/p>\n<\/div><\/div><\/div><\/div><div class=\"wpb_column vc_column_container\"><div class=\"vc_column-inner\"><div class=\"w-image has_ratio align_none\"><div class=\"w-image-h\"><div style=\"padding-bottom:100%\"><\/div><img decoding=\"async\" width=\"1024\" height=\"683\" src=\"https:\/\/zahnklinik-nordhorn.de\/wp-content\/uploads\/2025\/09\/MarketinghuusZahnklinik_025-1024x683.jpg\" class=\"attachment-large size-large\" alt=\"In einer Hand in wei\u00dfen Handschuhen liegt ein AIRFLOW Handst\u00fcck mit rotem Ring, w\u00e4hrend ein feiner Strahl ins helle Licht ausl\u00e4uft.\" loading=\"lazy\" \/><\/div><\/div><\/div><\/div><\/div><\/div><\/section><section class=\"l-section wpb_row us_custom_e9e9c146 height_large\"><div class=\"l-section-h i-cf\"><div class=\"g-cols vc_row via_grid cols_2 laptops-cols_inherit tablets-cols_inherit mobiles-cols_1 valign_top type_default reversed stacking_default\"><div class=\"wpb_column vc_column_container\"><div class=\"vc_column-inner\"><div class=\"w-image has_ratio align_none\"><div class=\"w-image-h\"><div style=\"padding-bottom:100%\"><\/div><img decoding=\"async\" width=\"1024\" height=\"683\" src=\"https:\/\/zahnklinik-nordhorn.de\/wp-content\/uploads\/2025\/10\/iStock-532170854-1024x683.jpg\" class=\"attachment-large size-large\" alt=\"Nahaufnahme einer zahn\u00e4rztlichen Untersuchung. Eine Person \u00f6ffnet den Mund, w\u00e4hrend der Zahnarzt mit blauen Handschuhen und Instrumenten \u2013 einem Spiegel und einer Sonde \u2013 die Z\u00e4hne kontrolliert.\" loading=\"lazy\" \/><\/div><\/div><\/div><\/div><div class=\"wpb_column vc_column_container us_custom_3718e231\"><div class=\"vc_column-inner\"><div class=\"wpb_text_column us_custom_432d3f53\"><div class=\"wpb_wrapper\"><h3 style=\"text-align: left;\">How often should a PZR be performed?<\/h3>\n<p>Professional teeth cleaning should take place in our practice at least twice a year to keep your teeth healthy and largely avoid disease.<\/p>\n<p>For patients with dental implants, extensive dentures or special health restrictions, we recommend having teeth cleaning performed more frequently.<\/p>\n<p>This helps to extend the life of the dentures and avoid possible complications.<\/p>\n<\/div><\/div><\/div><\/div><\/div><\/div><\/section><section class=\"l-section wpb_row us_custom_e9e9c146 height_large\"><div class=\"l-section-h i-cf\"><div class=\"g-cols vc_row via_grid cols_2 laptops-cols_inherit tablets-cols_inherit mobiles-cols_1 valign_top type_default stacking_default\"><div class=\"wpb_column vc_column_container us_custom_3718e231\"><div class=\"vc_column-inner\"><div class=\"wpb_text_column us_custom_432d3f53\"><div class=\"wpb_wrapper\"><h3 style=\"text-align: left;\">Prophylaxis for all patients<\/h3>\n<p>Regular professional teeth cleaning is important for all patients \u2013 whether young or old. Regular teeth cleaning is also recommended for children and adolescents to promote good oral hygiene from the outset. <\/p>\n<p>During pregnancy, it is also particularly important to keep the gums healthy, as hormonal changes can increase the risk of gum disease. In our practice, we offer special pregnancy prophylaxis to help you maintain your dental health during this special time. <\/p>\n<p>We also recommend regular PZR for patients of advanced age or those taking certain medications. Here, we pay particular attention to maintaining your natural teeth and preventing root caries and gum disease.<\/p>\n<\/div><\/div><\/div><\/div><div class=\"wpb_column vc_column_container us_custom_3718e231\"><div class=\"vc_column-inner\"><div class=\"w-image us_custom_3718e231 has_ratio align_none\"><div class=\"w-image-h\"><div style=\"padding-bottom:100%\"><\/div><img decoding=\"async\" width=\"1024\" height=\"683\" src=\"https:\/\/zahnklinik-nordhorn.de\/wp-content\/uploads\/2025\/10\/iStock-502055697-1024x683.jpg\" class=\"attachment-large size-large\" alt=\"\u00c4lteres Paar lacht gemeinsam mit einem Kind, das auf den Schultern des Mannes sitzt. Alle tragen warme Kleidung und genie\u00dfen einen Moment im Freien bei weichem Sonnenlicht.\" loading=\"lazy\" \/><\/div><\/div><\/div><\/div><\/div><\/div><\/section><section class=\"l-section wpb_row us_custom_c1069443 height_large\"><div class=\"l-section-h i-cf\"><div class=\"g-cols vc_row via_grid cols_2 laptops-cols_inherit tablets-cols_inherit mobiles-cols_1 valign_top type_default reversed stacking_default\"><div class=\"wpb_column vc_column_container us_custom_c8a6dcc3\"><div class=\"vc_column-inner\"><div class=\"w-image has_ratio align_none\"><div class=\"w-image-h\"><div style=\"padding-bottom:100%\"><\/div><img decoding=\"async\" width=\"1024\" height=\"683\" src=\"https:\/\/zahnklinik-nordhorn.de\/wp-content\/uploads\/2025\/09\/MarketinghuusZahnklinik_024-1024x683.jpg\" class=\"attachment-large size-large\" alt=\"Wei\u00dfes AIRFLOW-Prophylaxe-Ger\u00e4t mit Aufdruck \u201ePROPHYLFAXIS MASTER\u201c und Beh\u00e4lter \u201eMAX PLUS\u201c von EMS, daneben Person im blauen Kittel mit Schlauchanschl\u00fcssen.\" loading=\"lazy\" \/><\/div><\/div><\/div><\/div><div class=\"wpb_column vc_column_container us_custom_3718e231\"><div class=\"vc_column-inner\"><div class=\"wpb_text_column us_custom_432d3f53\"><div class=\"wpb_wrapper\"><h3 style=\"text-align: left;\">Technology for maximum effectiveness<\/h3>\n<p>In our practice, we rely on state-of-the-art technologies from the Swiss company EMS, a leading manufacturer of innovative dental equipment.<\/p>\n<p>With high-precision systems such as the Airflow\u00ae powder jet device, the Perioflow\u00ae device and the piezo-ceramic Scale Piezon PS, even stubborn plaque can be removed thoroughly and gently at the same time.<\/p>\n<p>In particular, Guided Biofilm Therapy (GBT), a scientifically based method from EMS, enables targeted, minimally invasive cleaning and thus effectively protects against tooth decay and periodontitis.<\/p>\n<p>These advanced technologies not only ensure particularly thorough cleaning, but also maximum comfort during treatment.<\/p>\n<\/div><\/div><\/div><\/div><\/div><\/div><\/section><section class=\"l-section wpb_row height_small\"><div class=\"l-section-h i-cf\"><div class=\"g-cols vc_row via_grid cols_1 laptops-cols_inherit tablets-cols_inherit mobiles-cols_1 valign_top type_default stacking_default\"><div class=\"wpb_column vc_column_container\"><div class=\"vc_column-inner\"><div class=\"w-separator size_medium with_line width_default thick_1 style_solid color_border align_center\"><div class=\"w-separator-h\"><\/div><\/div><\/div><\/div><\/div><\/div><\/section><section class=\"l-section wpb_row us_custom_c1069443 height_large\"><div class=\"l-section-h i-cf\"><div class=\"g-cols vc_row via_grid cols_1 laptops-cols_inherit tablets-cols_inherit mobiles-cols_1 valign_top type_default stacking_default\"><div class=\"wpb_column vc_column_container\"><div class=\"vc_column-inner\"><div class=\"wpb_text_column us_custom_432d3f53\"><div class=\"wpb_wrapper\"><h3 style=\"text-align: center;\">Investment in your long-term dental health<\/h3>\n<p>Regular professional teeth cleaning is more than just a treatment, it is an investment in your dental health. It not only helps to prevent dental diseases such as tooth decay and periodontitis, but also helps to keep your teeth healthy and functional for a lifetime. <\/p>\n<p>A frequent topic in professional teeth cleaning is the question of costs. As a rule, statutory health insurance companies do not fully cover the costs of teeth cleaning. However, many statutory health insurance companies offer subsidies or cover part of the amount.   Additional insurance and private health insurance often cover the entire costs of the prophylaxis measure.<\/p>\n<p>Regular prophylaxis avoids unnecessary follow-up costs, such as expensive dentures or complex treatments due to advanced dental diseases. Investing in your dental health means maintaining your quality of life in the long term and promoting well-being.<\/p>\n<\/div><\/div><\/div><\/div><\/div><\/div><\/section><section class=\"l-section wpb_row height_small\"><div class=\"l-section-h i-cf\"><div class=\"g-cols vc_row via_grid cols_1 laptops-cols_inherit tablets-cols_inherit mobiles-cols_1 valign_top type_default stacking_default\"><div class=\"wpb_column vc_column_container\"><div class=\"vc_column-inner\"><div class=\"w-separator size_medium\"><\/div><\/div><\/div><\/div><\/div><\/section>\n","protected":false},"excerpt":{"rendered":"PROFESSIONAL TEETH CLEANINGProfessional teeth cleaning (PZR)PROFES-SIONAL TEETH CLEANINGProfessional teeth cleaning (PZR)An elementary component of our treatment concept In many dental practices, the focus is still primarily on repairing and treating dental diseases, rather than on prevention. However, this is gradually changing. Prophylactic measures such as professional teeth cleaning are becoming increasingly important \u2013 also in...","protected":false},"author":1,"featured_media":0,"parent":0,"menu_order":0,"comment_status":"closed","ping_status":"closed","template":"","meta":{"footnotes":""},"class_list":["post-6113","page","type-page","status-publish","hentry"],"_links":{"self":[{"href":"https:\/\/zahnklinik-nordhorn.de\/en\/wp-json\/wp\/v2\/pages\/6113","targetHints":{"allow":["GET"]}}],"collection":[{"href":"https:\/\/zahnklinik-nordhorn.de\/en\/wp-json\/wp\/v2\/pages"}],"about":[{"href":"https:\/\/zahnklinik-nordhorn.de\/en\/wp-json\/wp\/v2\/types\/page"}],"author":[{"embeddable":true,"href":"https:\/\/zahnklinik-nordhorn.de\/en\/wp-json\/wp\/v2\/users\/1"}],"replies":[{"embeddable":true,"href":"https:\/\/zahnklinik-nordhorn.de\/en\/wp-json\/wp\/v2\/comments?post=6113"}],"version-history":[{"count":3,"href":"https:\/\/zahnklinik-nordhorn.de\/en\/wp-json\/wp\/v2\/pages\/6113\/revisions"}],"predecessor-version":[{"id":6121,"href":"https:\/\/zahnklinik-nordhorn.de\/en\/wp-json\/wp\/v2\/pages\/6113\/revisions\/6121"}],"wp:attachment":[{"href":"https:\/\/zahnklinik-nordhorn.de\/en\/wp-json\/wp\/v2\/media?parent=6113"}],"curies":[{"name":"wp","href":"https:\/\/api.w.org\/{rel}","templated":true}]}}