{"id":6127,"date":"2025-08-15T14:16:01","date_gmt":"2025-08-15T12:16:01","guid":{"rendered":"https:\/\/zahnklinik-nordhorn.de\/aesthetic-dentistry\/"},"modified":"2026-01-06T10:00:21","modified_gmt":"2026-01-06T09:00:21","slug":"aesthetic-dentistry","status":"publish","type":"page","link":"https:\/\/zahnklinik-nordhorn.de\/en\/aesthetic-dentistry\/","title":{"rendered":"Aesthetic Dentistry"},"content":{"rendered":"<section class=\"l-section wpb_row us_custom_994bd022 hide_on_mobiles height_huge full_height valign_bottom with_img\"><div class=\"l-section-img\" role=\"img\" data-img-width=\"1881\" data-img-height=\"1050\" style=\"background-image: url(https:\/\/zahnklinik-nordhorn.de\/wp-content\/uploads\/2025\/10\/lachen.jpg);background-position: top center;\"><\/div><div class=\"l-section-overlay\" style=\"background:rgba(208,203,196,0)\"><\/div><div class=\"l-section-h i-cf\"><div class=\"g-cols vc_row via_grid cols_1 laptops-cols_inherit tablets-cols_inherit mobiles-cols_1 valign_top type_default stacking_default\"><div class=\"wpb_column vc_column_container us_custom_0e6056da has_text_color\"><div class=\"vc_column-inner\"><\/div><\/div><\/div><\/div><\/section><section class=\"l-section wpb_row us_custom_a0ea7461 hide_on_mobiles height_small\"><div class=\"l-section-h i-cf\"><div class=\"g-cols vc_row via_grid cols_1 laptops-cols_inherit tablets-cols_inherit mobiles-cols_1 valign_top type_default stacking_default\"><div class=\"wpb_column vc_column_container\"><div class=\"vc_column-inner\"><h1 class=\"w-text us_custom_3271369c hide_on_mobiles\"><span class=\"w-text-h\"><span class=\"w-text-value\">AESTHETIC DENTISTRY<\/span><\/span><\/h1><div class=\"w-text us_custom_12c92638\"><span class=\"w-text-h\"><span class=\"w-text-value\">Aesthetic dentistry in Nordhorn<\/span><\/span><\/div><\/div><\/div><\/div><\/div><\/section><section class=\"l-section wpb_row hide_on_default hide_on_laptops hide_on_tablets height_huge with_img\"><div class=\"l-section-img\" role=\"img\" data-img-width=\"1881\" data-img-height=\"1050\" style=\"background-image: url(https:\/\/zahnklinik-nordhorn.de\/wp-content\/uploads\/2025\/10\/lachen.jpg);background-repeat: no-repeat;\"><\/div><div class=\"l-section-overlay\" style=\"background:rgba(208,203,196,0)\"><\/div><div class=\"l-section-h i-cf\"><div class=\"g-cols vc_row via_grid cols_1 laptops-cols_inherit tablets-cols_inherit mobiles-cols_1 valign_top type_default stacking_default\"><div class=\"wpb_column vc_column_container us_custom_0e6056da has_text_color\"><div class=\"vc_column-inner\"><\/div><\/div><\/div><\/div><\/section><section class=\"l-section wpb_row us_custom_057801f8 hide_on_default hide_on_laptops hide_on_tablets height_small\"><div class=\"l-section-h i-cf\"><div class=\"g-cols vc_row via_grid cols_1 laptops-cols_inherit tablets-cols_inherit mobiles-cols_1 valign_top type_default stacking_default\"><div class=\"wpb_column vc_column_container\"><div class=\"vc_column-inner\"><div class=\"g-cols wpb_row via_grid cols_1 laptops-cols_inherit tablets-cols_inherit mobiles-cols_1 valign_top type_default stacking_default\" style=\"--columns-gap:3rem;\"><div class=\"wpb_column vc_column_container\"><div class=\"vc_column-inner\"><h1 class=\"w-text us_custom_eb849559\"><span class=\"w-text-h\"><span class=\"w-text-value\">AESTHETIC DENTIS-TRY<\/span><\/span><\/h1><div class=\"w-text us_custom_12c92638\"><span class=\"w-text-h\"><span class=\"w-text-value\">Aesthetic dentistry in Nordhorn<\/span><\/span><\/div><\/div><\/div><\/div><\/div><\/div><\/div><\/div><\/section><section class=\"l-section wpb_row us_custom_33fe73d0 height_small\"><div class=\"l-section-h i-cf\"><div class=\"g-cols vc_row via_grid cols_1 laptops-cols_inherit tablets-cols_inherit mobiles-cols_1 valign_top type_default stacking_default\"><div class=\"wpb_column vc_column_container\"><div class=\"vc_column-inner\"><div class=\"w-separator size_small\"><\/div><div class=\"g-cols wpb_row via_grid cols_2 laptops-cols_inherit tablets-cols_inherit mobiles-cols_1 valign_middle type_default reversed stacking_default\" style=\"--columns-gap:4vw;\"><div class=\"wpb_column vc_column_container\"><div class=\"vc_column-inner\"><div class=\"w-image has_ratio align_none\"><div class=\"w-image-h\"><div style=\"padding-bottom:75%\"><\/div><img decoding=\"async\" width=\"1024\" height=\"683\" src=\"https:\/\/zahnklinik-nordhorn.de\/wp-content\/uploads\/2025\/10\/iStock-673361134-1024x683.jpg\" class=\"attachment-large size-large\" alt=\"L\u00e4chelnde Frau mit blondem Haar in heller Kleidung blickt zur Seite. Sie wirkt entspannt und zufrieden, mit einem nat\u00fcrlichen, gepflegten L\u00e4cheln.\" loading=\"lazy\" \/><\/div><\/div><\/div><\/div><div class=\"wpb_column vc_column_container\"><div class=\"vc_column-inner\"><div class=\"wpb_text_column us_custom_432d3f53\"><div class=\"wpb_wrapper\"><h3 style=\"text-align: left;\">Your path to a radiant smile<\/h3>\n<p>A healthy and radiant smile contributes significantly to your well-being and quality of life.<\/p>\n<p>At Zahnklinik Nordhorn, we offer a comprehensive range of aesthetic dentistry services to enhance your smile according to your preferences.<\/p>\n<p>We use modern procedures and high-quality materials to provide you with natural, long-lasting and functional results.<\/p>\n<\/div><\/div><\/div><\/div><\/div><div class=\"w-separator size_large\"><\/div><div class=\"g-cols wpb_row via_grid cols_2 laptops-cols_inherit tablets-cols_inherit mobiles-cols_1 valign_middle type_default stacking_default\" style=\"--columns-gap:4vw;\"><div class=\"wpb_column vc_column_container\"><div class=\"vc_column-inner\"><div class=\"wpb_text_column us_custom_d6b04a95\"><div class=\"wpb_wrapper\"><h3 style=\"text-align: left;\">All-ceramic crowns and bridges \u2013<br \/>\nNatural appearance and high durability<\/h3>\n<p>Modern dentistry today offers dentures that are 100% ceramic. All-ceramic crowns and bridges are characterized by their particularly natural appearance, as the metal color cannot shine through. With its slight transparency and typical light reflection, all-ceramic comes very close to the appearance of natural teeth.  <\/p>\n<p>This type of denture is not only aesthetically pleasing, but also very durable and has a smooth surface to which bacterial plaque adheres less easily. Ceramic is also biocompatible and therefore ideally suited for allergy sufferers.<\/p>\n<\/div><\/div><\/div><\/div><div class=\"wpb_column vc_column_container\"><div class=\"vc_column-inner\"><div class=\"w-image has_ratio align_none\"><div class=\"w-image-h\"><div style=\"padding-bottom:75%\"><\/div><img decoding=\"async\" width=\"1024\" height=\"798\" src=\"https:\/\/zahnklinik-nordhorn.de\/wp-content\/uploads\/2025\/10\/iStock-1880274127-1024x798.jpg\" class=\"attachment-large size-large\" alt=\"Vergleichsbild einer Zahnbehandlung: Oben sind gleichm\u00e4\u00dfige, helle Z\u00e4hne nach der \u00e4sthetischen Behandlung zu sehen, unten die Ausgangssituation mit verf\u00e4rbten und abgenutzten Z\u00e4hnen vor der Behandlung.\" loading=\"lazy\" \/><\/div><\/div><\/div><\/div><\/div><div class=\"w-separator size_large\"><\/div><div class=\"g-cols wpb_row via_grid cols_2 laptops-cols_inherit tablets-cols_inherit mobiles-cols_1 valign_middle type_default reversed stacking_default\" style=\"--columns-gap:4vw;\"><div class=\"wpb_column vc_column_container\"><div class=\"vc_column-inner\"><div class=\"w-image has_ratio align_none\"><div class=\"w-image-h\"><div style=\"padding-bottom:75%\"><\/div><img decoding=\"async\" width=\"1024\" height=\"683\" src=\"https:\/\/zahnklinik-nordhorn.de\/wp-content\/uploads\/2025\/10\/iStock-1285827529-1024x683.jpg\" class=\"attachment-large size-large\" alt=\"Nahaufnahme einer Frau mit dunklen Haaren, die l\u00e4chelnd in die Kamera schaut. Sie zeigt ein nat\u00fcrliches, gesundes L\u00e4cheln mit gepflegten wei\u00dfen Z\u00e4hnen und st\u00fctzt den Kopf auf eine Hand.\" loading=\"lazy\" \/><\/div><\/div><\/div><\/div><div class=\"wpb_column vc_column_container\"><div class=\"vc_column-inner\"><div class=\"wpb_text_column us_custom_432d3f53\"><div class=\"wpb_wrapper\"><h3 style=\"text-align: left;\">Inconspicuous fillings and inlays \u2013 Tooth-colored, compatible and durable<\/h3>\n<p>Modern filling materials offer many advantages, both in terms of aesthetics and oral compatibility.<\/p>\n<p>In our practice, we use aesthetic and biocompatible composite fillings as well as ceramic inlays (inlay fillings).<\/p>\n<p>These fillings adapt perfectly to the natural tooth color and are both durable and compatible \u2013 an ideal replacement for damaged or decayed teeth.<\/p>\n<\/div><\/div><\/div><\/div><\/div><div class=\"w-separator size_large\"><\/div><div class=\"g-cols wpb_row via_grid cols_2 laptops-cols_inherit tablets-cols_inherit mobiles-cols_1 valign_middle type_default stacking_default\" style=\"--columns-gap:4vw;\"><div class=\"wpb_column vc_column_container\"><div class=\"vc_column-inner\"><div class=\"wpb_text_column us_custom_d6b04a95\"><div class=\"wpb_wrapper\"><h3 style=\"text-align: left;\">Veneers for front tooth correction \u2013 Perfect dental aesthetics<\/h3>\n<p>With veneers, the ultra-thin ceramic veneers, aesthetic defects in the area of the incisors and canines can be corrected gently.<\/p>\n<p>Veneers are perfect for treating severe tooth discoloration, bothersome gaps in the front teeth, chipped corners, and minor misalignments. They offer a quick and effective solution to enhance the smile and improve tooth status.<\/p>\n<\/div><\/div><\/div><\/div><div class=\"wpb_column vc_column_container\"><div class=\"vc_column-inner\"><div class=\"w-image has_ratio align_none\"><div class=\"w-image-h\"><div style=\"padding-bottom:75%\"><\/div><img decoding=\"async\" width=\"1024\" height=\"683\" src=\"https:\/\/zahnklinik-nordhorn.de\/wp-content\/uploads\/2025\/10\/iStock-1618465454-1024x683.jpg\" class=\"attachment-large size-large\" alt=\"Nahaufnahme einer Frau mit dunklen Haaren, die l\u00e4chelnd in die Kamera schaut. Sie zeigt ein nat\u00fcrliches, gesundes L\u00e4cheln mit gepflegten wei\u00dfen Z\u00e4hnen und st\u00fctzt den Kopf auf eine Hand.\" loading=\"lazy\" \/><\/div><\/div><\/div><\/div><\/div><div class=\"w-separator size_large\"><\/div><div class=\"g-cols wpb_row via_grid cols_2 laptops-cols_inherit tablets-cols_inherit mobiles-cols_1 valign_middle type_default reversed stacking_default\" style=\"--columns-gap:4vw;\"><div class=\"wpb_column vc_column_container\"><div class=\"vc_column-inner\"><div class=\"w-image has_ratio align_none\"><div class=\"w-image-h\"><div style=\"padding-bottom:75%\"><\/div><img decoding=\"async\" width=\"1024\" height=\"683\" src=\"https:\/\/zahnklinik-nordhorn.de\/wp-content\/uploads\/2025\/10\/iStock-1037081016-1024x683.jpg\" class=\"attachment-large size-large\" alt=\"Nahaufnahme eines L\u00e4chelns im Vorher-nachher-Vergleich: Links sind gelbliche, verf\u00e4rbte Z\u00e4hne zu sehen, rechts deutlich hellere und wei\u00dfere Z\u00e4hne nach einer professionellen Zahnaufhellung.\" loading=\"lazy\" \/><\/div><\/div><\/div><\/div><div class=\"wpb_column vc_column_container\"><div class=\"vc_column-inner\"><div class=\"wpb_text_column us_custom_432d3f53\"><div class=\"wpb_wrapper\"><h3 style=\"text-align: left;\">Gentle tooth whitening with bleaching \u2013 Radiantly white teeth<\/h3>\n<p>A radiantly white smile is often the desire of many patients.<\/p>\n<p>At Zahnklinik Nordhorn, we offer gentle bleaching procedures with which we can whiten your teeth quickly and reliably.<\/p>\n<p>In this procedure, the gums are first covered before we apply the bleaching gel and trigger the brightening effect through targeted activation. In just one appointment, we can lighten your teeth by up to 7 shades, so that you have a flawless smile again.<\/p>\n<\/div><\/div><\/div><\/div><\/div><div class=\"w-separator size_large\"><\/div><div class=\"g-cols wpb_row via_grid cols_2 laptops-cols_inherit tablets-cols_inherit mobiles-cols_1 valign_middle type_default stacking_default\" style=\"--columns-gap:4vw;\"><div class=\"wpb_column vc_column_container\"><div class=\"vc_column-inner\"><div class=\"wpb_text_column us_custom_d6b04a95\"><div class=\"wpb_wrapper\"><h3 style=\"text-align: left;\">Inconspicuous orthodontics with Invisalign \u2013 Correct tooth misalignments discreetly<\/h3>\n<p>Tooth misalignments are not only functional but also aesthetic impairments. With the transparent plastic aligners of the Invisalign system, we offer you an inconspicuous way to treat tooth misalignments. The advantages of Invisalign:  <\/p>\n<ul>\n<li>Barely visible aligners \u2013 Your fellow human beings will hardly notice the treatment.<\/li>\n<li>Comfortable and compatible \u2013 The aligners are comfortable to wear and biocompatible.<\/li>\n<li>Easy removal \u2013 You can easily remove the aligners for eating and dental care, which increases wearing comfort.<\/li>\n<\/ul>\n<p>Invisalign is a modern and effective method that allows you to correct your teeth discreetly and comfortably without sacrificing aesthetics.<\/p>\n<\/div><\/div><\/div><\/div><div class=\"wpb_column vc_column_container\"><div class=\"vc_column-inner\"><div class=\"w-image has_ratio align_none\"><div class=\"w-image-h\"><div style=\"padding-bottom:75%\"><\/div><img decoding=\"async\" width=\"1024\" height=\"683\" src=\"https:\/\/zahnklinik-nordhorn.de\/wp-content\/uploads\/2025\/10\/iStock-1164496177-1024x683.jpg\" class=\"attachment-large size-large\" alt=\"Nahaufnahme einer Person, die eine durchsichtige Zahnschiene (Aligner) zwischen Daumen und Zeigefinger h\u00e4lt. Im Hintergrund ist ein l\u00e4chelndes Gesicht unscharf zu erkennen.\" loading=\"lazy\" \/><\/div><\/div><\/div><\/div><\/div><\/div><\/div><\/div><\/div><\/section><section class=\"l-section wpb_row height_small\"><div class=\"l-section-h i-cf\"><div class=\"g-cols vc_row via_grid cols_1 laptops-cols_inherit tablets-cols_inherit mobiles-cols_1 valign_top type_default stacking_default\"><div class=\"wpb_column vc_column_container\"><div class=\"vc_column-inner\"><div class=\"w-separator size_medium\"><\/div><\/div><\/div><\/div><\/div><\/section>\n","protected":false},"excerpt":{"rendered":"AESTHETIC DENTISTRYAesthetic dentistry in NordhornAESTHETIC DENTIS-TRYAesthetic dentistry in NordhornYour path to a radiant smile A healthy and radiant smile contributes significantly to your well-being and quality of life. At Zahnklinik Nordhorn, we offer a comprehensive range of aesthetic dentistry services to enhance your smile according to your preferences. We use modern procedures and high-quality materials...","protected":false},"author":1,"featured_media":0,"parent":0,"menu_order":0,"comment_status":"closed","ping_status":"closed","template":"","meta":{"footnotes":""},"class_list":["post-6127","page","type-page","status-publish","hentry"],"_links":{"self":[{"href":"https:\/\/zahnklinik-nordhorn.de\/en\/wp-json\/wp\/v2\/pages\/6127","targetHints":{"allow":["GET"]}}],"collection":[{"href":"https:\/\/zahnklinik-nordhorn.de\/en\/wp-json\/wp\/v2\/pages"}],"about":[{"href":"https:\/\/zahnklinik-nordhorn.de\/en\/wp-json\/wp\/v2\/types\/page"}],"author":[{"embeddable":true,"href":"https:\/\/zahnklinik-nordhorn.de\/en\/wp-json\/wp\/v2\/users\/1"}],"replies":[{"embeddable":true,"href":"https:\/\/zahnklinik-nordhorn.de\/en\/wp-json\/wp\/v2\/comments?post=6127"}],"version-history":[{"count":7,"href":"https:\/\/zahnklinik-nordhorn.de\/en\/wp-json\/wp\/v2\/pages\/6127\/revisions"}],"predecessor-version":[{"id":6137,"href":"https:\/\/zahnklinik-nordhorn.de\/en\/wp-json\/wp\/v2\/pages\/6127\/revisions\/6137"}],"wp:attachment":[{"href":"https:\/\/zahnklinik-nordhorn.de\/en\/wp-json\/wp\/v2\/media?parent=6127"}],"curies":[{"name":"wp","href":"https:\/\/api.w.org\/{rel}","templated":true}]}}