{"id":6149,"date":"2025-06-10T10:02:17","date_gmt":"2025-06-10T08:02:17","guid":{"rendered":"https:\/\/zahnklinik-nordhorn.de\/contact\/"},"modified":"2026-01-06T10:00:39","modified_gmt":"2026-01-06T09:00:39","slug":"contact","status":"publish","type":"page","link":"https:\/\/zahnklinik-nordhorn.de\/en\/contact\/","title":{"rendered":"Contact"},"content":{"rendered":"<section class=\"l-section wpb_row us_custom_994bd022 hide_on_mobiles height_huge full_height valign_bottom with_img\"><div class=\"l-section-img\" role=\"img\" data-img-width=\"2000\" data-img-height=\"1116\" style=\"background-image: url(https:\/\/zahnklinik-nordhorn.de\/wp-content\/uploads\/2025\/10\/Header-Zahnklinik-1.jpg);\"><\/div><div class=\"l-section-overlay\" style=\"background:rgba(208,203,196,0)\"><\/div><div class=\"l-section-h i-cf\"><div class=\"g-cols vc_row via_grid cols_1 laptops-cols_inherit tablets-cols_inherit mobiles-cols_1 valign_top type_default stacking_default\"><div class=\"wpb_column vc_column_container us_custom_0e6056da has_text_color\"><div class=\"vc_column-inner\"><\/div><\/div><\/div><\/div><\/section><section class=\"l-section wpb_row us_custom_a0ea7461 hide_on_mobiles height_small\"><div class=\"l-section-h i-cf\"><div class=\"g-cols vc_row via_grid cols_1 laptops-cols_inherit tablets-cols_inherit mobiles-cols_1 valign_top type_default stacking_default\"><div class=\"wpb_column vc_column_container\"><div class=\"vc_column-inner\"><div class=\"wpb_text_column us_custom_29080907\"><div class=\"wpb_wrapper\"><h2 style=\"text-align: center;\" data-start=\"145\" data-end=\"171\">WE LOOK FORWARD TO HEARING FROM YOU!<\/h2>\n<\/div><\/div><div class=\"wpb_text_column us_custom_65dda80a\"><div class=\"wpb_wrapper\"><p style=\"text-align: center;\">Whether you would like to make an appointment, have a question, or simply want to learn more about us, we are here to help.<\/p>\n<\/div><\/div><\/div><\/div><\/div><\/div><\/section><section class=\"l-section wpb_row hide_on_default hide_on_laptops hide_on_tablets height_huge with_img\"><div class=\"l-section-img\" role=\"img\" data-img-width=\"2000\" data-img-height=\"1116\" style=\"background-image: url(https:\/\/zahnklinik-nordhorn.de\/wp-content\/uploads\/2025\/10\/Header-Zahnklinik-1.jpg);background-repeat: no-repeat;\"><\/div><div class=\"l-section-overlay\" style=\"background:rgba(208,203,196,0)\"><\/div><div class=\"l-section-h i-cf\"><div class=\"g-cols vc_row via_grid cols_1 laptops-cols_inherit tablets-cols_inherit mobiles-cols_1 valign_top type_default stacking_default\"><div class=\"wpb_column vc_column_container us_custom_0e6056da has_text_color\"><div class=\"vc_column-inner\"><\/div><\/div><\/div><\/div><\/section><section class=\"l-section wpb_row us_custom_057801f8 hide_on_default hide_on_laptops hide_on_tablets height_small\"><div class=\"l-section-h i-cf\"><div class=\"g-cols vc_row via_grid cols_1 laptops-cols_inherit tablets-cols_inherit mobiles-cols_1 valign_top type_default stacking_default\"><div class=\"wpb_column vc_column_container\"><div class=\"vc_column-inner\"><div class=\"g-cols wpb_row via_grid cols_1 laptops-cols_inherit tablets-cols_inherit mobiles-cols_1 valign_top type_default stacking_default\" style=\"--columns-gap:3rem;\"><div class=\"wpb_column vc_column_container\"><div class=\"vc_column-inner\"><h1 class=\"w-text us_custom_eb849559\"><span class=\"w-text-h\"><span class=\"w-text-value\">WE LOOK FORWARD TO HEARING FROM YOU!<\/span><\/span><\/h1><div class=\"wpb_text_column us_custom_65dda80a\"><div class=\"wpb_wrapper\"><p style=\"text-align: center;\">Whether you would like to make an appointment, have a question, or simply want to learn more about us, we are here to help.<\/p>\n<\/div><\/div><\/div><\/div><\/div><\/div><\/div><\/div><\/div><\/section><section class=\"l-section wpb_row height_small\"><div class=\"l-section-h i-cf\"><div class=\"g-cols vc_row via_grid cols_2 laptops-cols_inherit tablets-cols_inherit mobiles-cols_1 valign_top type_default reversed stacking_default\" style=\"--columns-gap:4vw;\"><div class=\"wpb_column vc_column_container\"><div class=\"vc_column-inner\"><div class=\"wpb_text_column\"><div class=\"wpb_wrapper\"><h3 style=\"text-align: left;\" data-start=\"308\" data-end=\"333\">Write to us<\/h3>\n<\/div><\/div><div class=\"w-separator size_custom with_line width_default thick_1 style_solid color_border align_center\" style=\"height:20px\"><div class=\"w-separator-h\"><\/div><\/div><div class=\"wpb_text_column us_custom_432d3f53\"><div class=\"wpb_wrapper\"><p>Do <span>you have any questions about dental <\/span><span>care or would you like to make an appointment?<\/span><\/p>\n<\/div><\/div><div class=\"w-separator size_small\"><\/div><form class=\"w-form  us-field-style_1 us_custom_1b04de86 layout_ver for_cform us_form_1\" autocomplete=\"off\" action=\"https:\/\/zahnklinik-nordhorn.de\/en\/wp-json\/wp\/v2\/pages\/6149\" method=\"post\"><div class=\"w-form-h\"><div class=\"w-form-row for_text has_label required\">\r\n\t\t\t<div class=\"w-form-row-label\">\r\n\t\t\t<span>Name *<\/span>\r\n\t\t<\/div>\r\n\t\t<div class=\"w-form-row-field\">\r\n\t\t\t\t\t\t<input aria-label=\"Name\" type=\"text\" name=\"us_form_1_text_1\" value placeholder data-required=\"true\" aria-required=\"true\"\/>\r\n\t\t\t<\/div>\r\n\t\t<div class=\"w-form-row-state\">Fill out this field<\/div>\r\n<\/div>\r\n<div class=\"w-form-row for_text has_label\">\r\n\t\t\t<div class=\"w-form-row-label\">\r\n\t\t\t<span>Street<\/span>\r\n\t\t<\/div>\r\n\t\t<div class=\"w-form-row-field\">\r\n\t\t\t\t\t\t<input aria-label=\"Street\" type=\"text\" name=\"us_form_1_text_2\" value placeholder\/>\r\n\t\t\t<\/div>\r\n\t\t<div class=\"w-form-row-state\">Fill out this field<\/div>\r\n<\/div>\r\n<div class=\"w-form-row for_text has_label cols_2\">\r\n\t\t\t<div class=\"w-form-row-label\">\r\n\t\t\t<span>Postcode<\/span>\r\n\t\t<\/div>\r\n\t\t<div class=\"w-form-row-field\">\r\n\t\t\t\t\t\t<input aria-label=\"Postcode\" type=\"text\" name=\"us_form_1_text_3\" value placeholder\/>\r\n\t\t\t<\/div>\r\n\t\t<div class=\"w-form-row-state\">Fill out this field<\/div>\r\n<\/div>\r\n<div class=\"w-form-row for_text has_label cols_2\">\r\n\t\t\t<div class=\"w-form-row-label\">\r\n\t\t\t<span>Location<\/span>\r\n\t\t<\/div>\r\n\t\t<div class=\"w-form-row-field\">\r\n\t\t\t\t\t\t<input aria-label=\"Location\" type=\"text\" name=\"us_form_1_text_4\" value placeholder\/>\r\n\t\t\t<\/div>\r\n\t\t<div class=\"w-form-row-state\">Fill out this field<\/div>\r\n<\/div>\r\n<div class=\"w-form-row for_text has_label\">\r\n\t\t\t<div class=\"w-form-row-label\">\r\n\t\t\t<span>Telephone<\/span>\r\n\t\t<\/div>\r\n\t\t<div class=\"w-form-row-field\">\r\n\t\t\t\t\t\t<input aria-label=\"Telephone\" inputmode=\"tel\" type=\"text\" name=\"us_form_1_text_5\" value placeholder\/>\r\n\t\t\t<\/div>\r\n\t\t<div class=\"w-form-row-state\">Fill out this field<\/div>\r\n<\/div>\r\n<div class=\"w-form-row for_text has_label required\">\r\n\t\t\t<div class=\"w-form-row-label\">\r\n\t\t\t<span>E-mail *<\/span>\r\n\t\t<\/div>\r\n\t\t<div class=\"w-form-row-field\">\r\n\t\t\t\t\t\t<input aria-label=\"E-mail\" type=\"text\" name=\"us_form_1_text_6\" value placeholder data-required=\"true\" aria-required=\"true\"\/>\r\n\t\t\t<\/div>\r\n\t\t<div class=\"w-form-row-state\">Fill out this field<\/div>\r\n<\/div>\r\n<div class=\"w-form-row for_textarea has_label required with_icon\">\r\n\t\t\t<div class=\"w-form-row-label\">\r\n\t\t\t<span>Comments *<\/span>\r\n\t\t<\/div>\r\n\t\t<div class=\"w-form-row-field\">\r\n\t\t\t\t<i class=\"material-icons\">create<\/i>\t\t<textarea aria-label=\"Comments\" name=\"us_form_1_textarea_1\" placeholder data-required=\"true\" aria-required=\"true\"><\/textarea>\r\n\t\t\t<\/div>\r\n\t\t<div class=\"w-form-row-state\">Fill out this field<\/div>\r\n<\/div>\r\n<div class=\"w-form-row for_agreement required\">\r\n\t\t<div class=\"w-form-row-field\">\r\n\t\t\t\t<label>\r\n\t\t\t<input type=\"checkbox\" value=\"1\" data-required=\"true\" aria-required=\"true\" name=\"us_form_1_agreement_1\"\/>\r\n\t\t\t<span><\/span>\r\n\t\t<\/label>\r\n\t\t\t<\/div>\r\n\t\t\t<div class=\"w-form-row-description\">\r\n\t\t\tI agree that my details from the form will be collected and processed to answer my request. This data will be deleted as soon as it is no longer required and there are no legal storage obligations. You can revoke your consent at any time for the future by sending an e-mail to info@zahnklinik-nordhorn.de. This data will not be made accessible to third parties. Detailed information on the handling of user data can be found in our <a href=\"https:\/\/zahnklinik-nordhorn.de\/datenschutz\/\">data protection regulations<\/a>.     \t\t<\/div>\r\n\t\t<div class=\"w-form-row-state\">You need to agree with the terms to proceed<\/div>\r\n<\/div>\r\n<input type=\"hidden\" name=\"action\" value=\"us_ajax_cform\" \/>\r\n<input type=\"hidden\" name=\"post_id\" value=\"0\" \/>\r\n<input type=\"hidden\" name=\"form_index\" value=\"1\" \/>\r\n<div class=\"w-form-row for_submit align_none\">\r\n\t<button class=\"w-btn  us-btn-style_1\" aria-label=\"Send\" type=\"submit\">\r\n\t\t<span class=\"g-preloader type_1\"><\/span>\r\n\t\t\t\t<span class=\"w-btn-label\">Send<\/span>\r\n\t\t\t<\/button>\r\n\t<\/div>\r\n<\/div><div class=\"w-form-message\"><\/div><div class=\"w-form-json hidden\" onclick='return {&quot;ajaxurl&quot;:&quot;https:\\\/\\\/zahnklinik-nordhorn.de\\\/wp-admin\\\/admin-ajax.php&quot;,&quot;messages&quot;:{&quot;err_empty&quot;:&quot;Fill out this field&quot;,&quot;err_size&quot;:&quot;File size cannot exceed %s MB&quot;,&quot;err_extension&quot;:&quot;%s file type is not allowed&quot;,&quot;err_recaptcha_keys&quot;:&quot;reCAPTCHA keys are incorrect&quot;}}'><\/div><\/form><\/div><\/div><div class=\"wpb_column vc_column_container\"><div class=\"vc_column-inner\"><div class=\"wpb_text_column\"><div class=\"wpb_wrapper\"><h3 style=\"text-align: left;\" data-start=\"308\" data-end=\"333\">Address<\/h3>\n<\/div><\/div><div class=\"w-separator size_custom with_line width_default thick_1 style_solid color_border align_center\" style=\"height:20px\"><div class=\"w-separator-h\"><\/div><\/div><div class=\"wpb_text_column\"><div class=\"wpb_wrapper\"><p style=\"text-align: left;\"><span>Zahnklinik Nordhorn Praxisklinik<\/span><br \/><span>Dr. Zimmermann M.Sc. &amp; Partners<br \/><\/span><span>Sauvageodstra\u00dfe 4<\/span><br \/><span>48529 Nordhorn<\/span><\/p>\n<\/div><\/div><div class=\"wpb_text_column\"><div class=\"wpb_wrapper\"><p>Telephone: <span style=\"color: #4f4f4f;\"><a style=\"color: #4f4f4f;\" href=\"tel:+4959215514\">+49 (0) 5921-5514<\/a><\/span><br \/>E-mail: <span style=\"color: #4f4f4f;\"><a style=\"color: #4f4f4f;\" href=\"mailto:info@zahnklinik-nordhorn.de\">info@zahnklinik-nordhorn.de<\/a><\/span><\/p>\n<\/div><\/div><div class=\"w-separator size_small\"><\/div><div class=\"w-image has_ratio align_none\"><div class=\"w-image-h\"><div style=\"padding-bottom:100%\"><\/div><img decoding=\"async\" width=\"2000\" height=\"1334\" src=\"https:\/\/zahnklinik-nordhorn.de\/wp-content\/uploads\/2025\/09\/MarketinghuusZahnklinik_008-scaled.jpg\" class=\"attachment-full size-full\" alt=\"Im hellen Empfangsbereich arbeitet ein Team in wei\u00dfen Hemden und tr\u00e4gt Headsets, w\u00e4hrend am Schreibtisch ein Bildschirm mit Tastatur im Vordergrund steht.\" loading=\"lazy\" \/><\/div><\/div><\/div><\/div><\/div><\/div><\/section><section class=\"l-section wpb_row height_small\"><div class=\"l-section-h i-cf\"><div class=\"g-cols vc_row via_grid cols_2 laptops-cols_inherit tablets-cols_inherit mobiles-cols_1 valign_top type_default stacking_default\" style=\"--columns-gap:4vw;\"><div class=\"wpb_column vc_column_container\"><div class=\"vc_column-inner\"><div class=\"wpb_text_column\" id=\"\u00f6ffnungszeiten\"><div class=\"wpb_wrapper\"><h3 style=\"text-align: center;\">Consultation hours:<\/h3>\n<\/div><\/div><div class=\"w-separator size_small with_line width_default thick_1 style_solid color_border align_center\"><div class=\"w-separator-h\"><\/div><\/div><div class=\"wpb_text_column\"><div class=\"wpb_wrapper\">\n<table id=\"tablepress-1\" class=\"tablepress tablepress-id-1\">\n<tbody class=\"row-striping\">\n<tr class=\"row-1\">\n\t<td class=\"column-1\">Montag<\/td><td class=\"column-2\">08:00 - 12:00<\/td><td class=\"column-3\">13:00 - 17:00<\/td>\n<\/tr>\n<tr class=\"row-2\">\n\t<td class=\"column-1\">Dienstag<\/td><td class=\"column-2\">08:00 - 12:00<\/td><td class=\"column-3\">13:00 - 17:00<\/td>\n<\/tr>\n<tr class=\"row-3\">\n\t<td class=\"column-1\">Mittwoch<\/td><td class=\"column-2\">08:00 - 14:30<\/td><td class=\"column-3\"><\/td>\n<\/tr>\n<tr class=\"row-4\">\n\t<td class=\"column-1\">Donnerstag<\/td><td class=\"column-2\">08:00 - 12:00<\/td><td class=\"column-3\">13:00 - 17:00<\/td>\n<\/tr>\n<tr class=\"row-5\">\n\t<td class=\"column-1\">Freitag<\/td><td class=\"column-2\">08:00 - 14:00<\/td><td class=\"column-3\"><\/td>\n<\/tr>\n<\/tbody>\n<\/table>\n<!-- #tablepress-1 from cache -->\n<\/div><\/div><div class=\"wpb_text_column\"><div class=\"wpb_wrapper\"><p style=\"text-align: center;\">and by appointment<\/p>\n<\/div><\/div><\/div><\/div><div class=\"wpb_column vc_column_container us_custom_01e414f4\"><div class=\"vc_column-inner\"><div class=\"wpb_text_column us_custom_5c777a91\"><div class=\"wpb_wrapper\"><h3 style=\"text-align: center;\">Emergency dental service<\/h3>\n<p style=\"text-align: center;\"><span style=\"color: #8c8c8c;\"><strong>Do you have acute symptoms?<\/strong><\/span><\/p>\n<p>In order to help you quickly and at short notice, please call us during our consultation hours on the following telephone number: <strong><span style=\"color: #8c8c8c;\"><a style=\"color: #8c8c8c;\" href=\"tel:+4959215514\">+49 5921-5514.<\/a><\/span><\/strong><\/p>\n<p>In urgent emergencies, at weekends and on public holidays, an emergency dental service is set up, which takes place in the practice of the respective emergency dentist.<br \/>The telephone number of the emergency service as well as the name, address and telephone number are announced under<span style=\"color: #8c8c8c;\"><a style=\"color: #8c8c8c;\" href=\"tel:+4959215514\"> <strong>+49 5921-5514<\/strong><\/a> <\/span>.<\/p>\n<p style=\"text-align: center;\"><span style=\"color: #8c8c8c;\"><strong>Are you covered by statutory health insurance?<\/strong><\/span><\/p>\n<p>Don&#8217;t forget your insurance card when you visit the emergency service.<\/p>\n<\/div><\/div><\/div><\/div><\/div><\/div><\/section><section class=\"l-section wpb_row height_medium color_alternate\"><div class=\"l-section-h i-cf\"><div class=\"g-cols vc_row via_grid cols_1 laptops-cols_inherit tablets-cols_inherit mobiles-cols_1 valign_top type_default stacking_default\"><div class=\"wpb_column vc_column_container\"><div class=\"vc_column-inner\"><div class=\"wpb_text_column\"><div class=\"wpb_wrapper\"><h2 style=\"text-align: center;\">Top rated at<\/h2>\n<\/div><\/div><div class=\"w-separator size_medium\"><\/div><div class=\"g-cols wpb_row via_grid cols_4 laptops-cols_inherit tablets-cols_inherit mobiles-cols_1 valign_top type_default stacking_default\" style=\"--columns-gap:0.7rem;\"><div class=\"wpb_column vc_column_container\"><div class=\"vc_column-inner\"><div class=\"w-image us_custom_b8f346c2 bw-image align_none\"><div class=\"w-image-h\"><img decoding=\"async\" width=\"300\" height=\"100\" src=\"https:\/\/zahnklinik-nordhorn.de\/wp-content\/uploads\/2025\/04\/3.png\" class=\"attachment-large size-large\" alt=\"Logo von \u00c4rzte.de Experte \u2013 Auszeichnung f\u00fcr medizinische Fachkompetenz und gepr\u00fcfte Qualit\u00e4t auf dem Gesundheitsportal \u00c4rzte.de.\" loading=\"lazy\" \/><\/div><\/div><div class=\"w-separator size_custom\" style=\"height:15px\"><\/div><div class=\"w-hwrapper valign_top align_center\" style=\"--hwrapper-gap:0.1rem\"><div class=\"w-iconbox iconpos_top style_default color_custom align_center no_text no_title\"><div class=\"w-iconbox-icon\" style=\"font-size:20px;--icon-color:#D0cbc4;\"><i class=\"fas fa-star\"><\/i><\/div><div class=\"w-iconbox-meta\"><\/div><\/div><div class=\"w-iconbox iconpos_top style_default color_custom align_center no_text no_title\"><div class=\"w-iconbox-icon\" style=\"font-size:20px;--icon-color:#D0cbc4;\"><i class=\"fas fa-star\"><\/i><\/div><div class=\"w-iconbox-meta\"><\/div><\/div><div class=\"w-iconbox iconpos_top style_default color_custom align_center no_text no_title\"><div class=\"w-iconbox-icon\" style=\"font-size:20px;--icon-color:#D0cbc4;\"><i class=\"fas fa-star\"><\/i><\/div><div class=\"w-iconbox-meta\"><\/div><\/div><div class=\"w-iconbox iconpos_top style_default color_custom align_center no_text no_title\"><div class=\"w-iconbox-icon\" style=\"font-size:20px;--icon-color:#D0cbc4;\"><i class=\"fas fa-star\"><\/i><\/div><div class=\"w-iconbox-meta\"><\/div><\/div><div class=\"w-iconbox iconpos_top style_default color_custom align_center no_text no_title\"><div class=\"w-iconbox-icon\" style=\"font-size:20px;--icon-color:#D0cbc4;\"><i class=\"fas fa-star\"><\/i><\/div><div class=\"w-iconbox-meta\"><\/div><\/div><\/div><\/div><\/div><div class=\"wpb_column vc_column_container\"><div class=\"vc_column-inner\"><div class=\"w-image us_custom_b8f346c2 bw-image align_none\"><div class=\"w-image-h\"><img decoding=\"async\" width=\"300\" height=\"100\" src=\"https:\/\/zahnklinik-nordhorn.de\/wp-content\/uploads\/2025\/04\/1.png\" class=\"attachment-large size-large\" alt=\"Logo von Sanego \u2013 Bewertungsplattform f\u00fcr \u00c4rzte, Kliniken und Zahn\u00e4rzte mit Patientenbewertungen und Erfahrungsberichten.\" loading=\"lazy\" \/><\/div><\/div><div class=\"w-separator size_custom\" style=\"height:15px\"><\/div><div class=\"w-hwrapper valign_top align_center\" style=\"--hwrapper-gap:0.1rem\"><div class=\"w-iconbox iconpos_top style_default color_custom align_center no_text no_title\"><div class=\"w-iconbox-icon\" style=\"font-size:20px;--icon-color:#D0cbc4;\"><i class=\"fas fa-star\"><\/i><\/div><div class=\"w-iconbox-meta\"><\/div><\/div><div class=\"w-iconbox iconpos_top style_default color_custom align_center no_text no_title\"><div class=\"w-iconbox-icon\" style=\"font-size:20px;--icon-color:#D0cbc4;\"><i class=\"fas fa-star\"><\/i><\/div><div class=\"w-iconbox-meta\"><\/div><\/div><div class=\"w-iconbox iconpos_top style_default color_custom align_center no_text no_title\"><div class=\"w-iconbox-icon\" style=\"font-size:20px;--icon-color:#D0cbc4;\"><i class=\"fas fa-star\"><\/i><\/div><div class=\"w-iconbox-meta\"><\/div><\/div><div class=\"w-iconbox iconpos_top style_default color_custom align_center no_text no_title\"><div class=\"w-iconbox-icon\" style=\"font-size:20px;--icon-color:#D0cbc4;\"><i class=\"fas fa-star\"><\/i><\/div><div class=\"w-iconbox-meta\"><\/div><\/div><div class=\"w-iconbox iconpos_top style_default color_custom align_center no_text no_title\"><div class=\"w-iconbox-icon\" style=\"font-size:20px;--icon-color:#D0cbc4;\"><i class=\"fas fa-star\"><\/i><\/div><div class=\"w-iconbox-meta\"><\/div><\/div><\/div><\/div><\/div><div class=\"wpb_column vc_column_container\"><div class=\"vc_column-inner\"><div class=\"w-image us_custom_b8f346c2 bw-image align_none\"><div class=\"w-image-h\"><img decoding=\"async\" width=\"300\" height=\"100\" src=\"https:\/\/zahnklinik-nordhorn.de\/wp-content\/uploads\/2025\/04\/2.png\" class=\"attachment-large size-large\" alt=\"Logo von Jameda \u2013 Deutschlands gr\u00f6\u00dftem \u00c4rztebewertungsportal f\u00fcr Patientenmeinungen, Empfehlungen und Arztvergleiche.\" loading=\"lazy\" \/><\/div><\/div><div class=\"w-separator size_custom\" style=\"height:15px\"><\/div><div class=\"w-hwrapper valign_top align_center\" style=\"--hwrapper-gap:0.1rem\"><div class=\"w-iconbox iconpos_top style_default color_custom align_center no_text no_title\"><div class=\"w-iconbox-icon\" style=\"font-size:20px;--icon-color:#D0cbc4;\"><i class=\"fas fa-star\"><\/i><\/div><div class=\"w-iconbox-meta\"><\/div><\/div><div class=\"w-iconbox iconpos_top style_default color_custom align_center no_text no_title\"><div class=\"w-iconbox-icon\" style=\"font-size:20px;--icon-color:#D0cbc4;\"><i class=\"fas fa-star\"><\/i><\/div><div class=\"w-iconbox-meta\"><\/div><\/div><div class=\"w-iconbox iconpos_top style_default color_custom align_center no_text no_title\"><div class=\"w-iconbox-icon\" style=\"font-size:20px;--icon-color:#D0cbc4;\"><i class=\"fas fa-star\"><\/i><\/div><div class=\"w-iconbox-meta\"><\/div><\/div><div class=\"w-iconbox iconpos_top style_default color_custom align_center no_text no_title\"><div class=\"w-iconbox-icon\" style=\"font-size:20px;--icon-color:#D0cbc4;\"><i class=\"fas fa-star\"><\/i><\/div><div class=\"w-iconbox-meta\"><\/div><\/div><div class=\"w-iconbox iconpos_top style_default color_custom align_center no_text no_title\"><div class=\"w-iconbox-icon\" style=\"font-size:20px;--icon-color:#D0cbc4;\"><i class=\"fas fa-star\"><\/i><\/div><div class=\"w-iconbox-meta\"><\/div><\/div><\/div><\/div><\/div><div class=\"wpb_column vc_column_container\"><div class=\"vc_column-inner\"><div class=\"w-image us_custom_b8f346c2 bw-image align_none\"><div class=\"w-image-h\"><img decoding=\"async\" width=\"300\" height=\"100\" src=\"https:\/\/zahnklinik-nordhorn.de\/wp-content\/uploads\/2025\/04\/4.png\" class=\"attachment-large size-large\" alt=\"Google Logo\" loading=\"lazy\" \/><\/div><\/div><div class=\"w-separator size_custom\" style=\"height:15px\"><\/div><div class=\"w-hwrapper valign_top align_center\" style=\"--hwrapper-gap:0.1rem\"><div class=\"w-iconbox iconpos_top style_default color_custom align_center no_text no_title\"><div class=\"w-iconbox-icon\" style=\"font-size:20px;--icon-color:#D0cbc4;\"><i class=\"fas fa-star\"><\/i><\/div><div class=\"w-iconbox-meta\"><\/div><\/div><div class=\"w-iconbox iconpos_top style_default color_custom align_center no_text no_title\"><div class=\"w-iconbox-icon\" style=\"font-size:20px;--icon-color:#D0cbc4;\"><i class=\"fas fa-star\"><\/i><\/div><div class=\"w-iconbox-meta\"><\/div><\/div><div class=\"w-iconbox iconpos_top style_default color_custom align_center no_text no_title\"><div class=\"w-iconbox-icon\" style=\"font-size:20px;--icon-color:#D0cbc4;\"><i class=\"fas fa-star\"><\/i><\/div><div class=\"w-iconbox-meta\"><\/div><\/div><div class=\"w-iconbox iconpos_top style_default color_custom align_center no_text no_title\"><div class=\"w-iconbox-icon\" style=\"font-size:20px;--icon-color:#D0cbc4;\"><i class=\"fas fa-star\"><\/i><\/div><div class=\"w-iconbox-meta\"><\/div><\/div><div class=\"w-iconbox iconpos_top style_default color_custom align_center no_text no_title\"><div class=\"w-iconbox-icon\" style=\"font-size:20px;--icon-color:#D0cbc4;\"><i class=\"fas fa-star\"><\/i><\/div><div class=\"w-iconbox-meta\"><\/div><\/div><\/div><\/div><\/div><\/div><div class=\"w-separator size_medium\"><\/div><\/div><\/div><\/div><\/div><\/section><section class=\"l-section wpb_row height_auto width_full\"><div class=\"l-section-h i-cf\"><div class=\"g-cols vc_row via_grid cols_1 laptops-cols_inherit tablets-cols_1 mobiles-cols_1 valign_middle type_default stacking_default\" style=\"--columns-gap:0rem;\"><div class=\"wpb_column vc_column_container\"><div class=\"vc_column-inner\"><div class=\"w-map provider_osm bw-image\" id=\"us_map_1\"><div class=\"w-map-inner\"><div class=\"w-map-json\" onclick='return {&quot;address&quot;:&quot;Sauvageod Str. 4, 48529 Nordhorn&quot;,&quot;disableDragging&quot;:1,&quot;disableZoom&quot;:1,&quot;hideControls&quot;:0,&quot;zoom&quot;:16,&quot;markers&quot;:[{&quot;address&quot;:&quot;Sauvageod Str. 4, 48529 Nordhorn&quot;,&quot;html&quot;:&quot;&lt;h6&gt;You can find us here&lt;\\\/h6&gt;&lt;p&gt;We look forward to welcoming you personally!&lt;\\\/p&gt;&quot;,&quot;infowindow&quot;:0}],&quot;icon&quot;:{&quot;url&quot;:&quot;https:\\\/\\\/zahnklinik-nordhorn.de\\\/wp-content\\\/uploads\\\/2025\\\/04\\\/map-marker-alt-solid.svg&quot;,&quot;size&quot;:[50,50]},&quot;style&quot;:&quot;https:\\\/\\\/{s}.basemaps.cartocdn.com\\\/light_all\\\/{z}\\\/{x}\\\/{y}{r}.png&quot;}'><\/div><\/div><\/div><\/div><\/div><\/div><\/div><\/section>\n","protected":false},"excerpt":{"rendered":"WE LOOK FORWARD TO HEARING FROM YOU! Whether you would like to make an appointment, have a question, or simply want to learn more about us, we are here to help. WE LOOK FORWARD TO HEARING FROM YOU!Whether you would like to make an appointment, have a question, or simply want to learn more about...","protected":false},"author":1,"featured_media":0,"parent":0,"menu_order":0,"comment_status":"closed","ping_status":"closed","template":"","meta":{"footnotes":""},"class_list":["post-6149","page","type-page","status-publish","hentry"],"_links":{"self":[{"href":"https:\/\/zahnklinik-nordhorn.de\/en\/wp-json\/wp\/v2\/pages\/6149","targetHints":{"allow":["GET"]}}],"collection":[{"href":"https:\/\/zahnklinik-nordhorn.de\/en\/wp-json\/wp\/v2\/pages"}],"about":[{"href":"https:\/\/zahnklinik-nordhorn.de\/en\/wp-json\/wp\/v2\/types\/page"}],"author":[{"embeddable":true,"href":"https:\/\/zahnklinik-nordhorn.de\/en\/wp-json\/wp\/v2\/users\/1"}],"replies":[{"embeddable":true,"href":"https:\/\/zahnklinik-nordhorn.de\/en\/wp-json\/wp\/v2\/comments?post=6149"}],"version-history":[{"count":2,"href":"https:\/\/zahnklinik-nordhorn.de\/en\/wp-json\/wp\/v2\/pages\/6149\/revisions"}],"predecessor-version":[{"id":6159,"href":"https:\/\/zahnklinik-nordhorn.de\/en\/wp-json\/wp\/v2\/pages\/6149\/revisions\/6159"}],"wp:attachment":[{"href":"https:\/\/zahnklinik-nordhorn.de\/en\/wp-json\/wp\/v2\/media?parent=6149"}],"curies":[{"name":"wp","href":"https:\/\/api.w.org\/{rel}","templated":true}]}}