{"id":6154,"date":"2025-08-15T14:19:29","date_gmt":"2025-08-15T12:19:29","guid":{"rendered":"https:\/\/zahnklinik-nordhorn.de\/periodontology\/"},"modified":"2026-01-06T10:00:39","modified_gmt":"2026-01-06T09:00:39","slug":"periodontology","status":"publish","type":"page","link":"https:\/\/zahnklinik-nordhorn.de\/en\/periodontology\/","title":{"rendered":"Periodontology"},"content":{"rendered":"<section class=\"l-section wpb_row us_custom_994bd022 hide_on_mobiles height_huge full_height valign_bottom with_img\"><div class=\"l-section-img\" role=\"img\" data-img-width=\"1881\" data-img-height=\"1050\" style=\"background-image: url(https:\/\/zahnklinik-nordhorn.de\/wp-content\/uploads\/2025\/10\/parodontologie.jpg);\"><\/div><div class=\"l-section-overlay\" style=\"background:rgba(208,203,196,0)\"><\/div><div class=\"l-section-h i-cf\"><div class=\"g-cols vc_row via_grid cols_1 laptops-cols_inherit tablets-cols_inherit mobiles-cols_1 valign_top type_default stacking_default\"><div class=\"wpb_column vc_column_container us_custom_0e6056da has_text_color\"><div class=\"vc_column-inner\"><\/div><\/div><\/div><\/div><\/section><section class=\"l-section wpb_row us_custom_a0ea7461 hide_on_mobiles height_small\"><div class=\"l-section-h i-cf\"><div class=\"g-cols vc_row via_grid cols_1 laptops-cols_inherit tablets-cols_inherit mobiles-cols_1 valign_top type_default stacking_default\"><div class=\"wpb_column vc_column_container\"><div class=\"vc_column-inner\"><h1 class=\"w-text us_custom_fe9b7b93 hide_on_mobiles\"><span class=\"w-text-h\"><span class=\"w-text-value\">Periodontology<\/span><\/span><\/h1><div class=\"w-text us_custom_12c92638\"><span class=\"w-text-h\"><span class=\"w-text-value\">Periodontology in Nordhorn<\/span><\/span><\/div><div class=\"w-separator size_small\"><\/div><\/div><\/div><\/div><\/div><\/section><section class=\"l-section wpb_row hide_on_default hide_on_laptops hide_on_tablets height_huge with_img\"><div class=\"l-section-img\" role=\"img\" data-img-width=\"1881\" data-img-height=\"1050\" style=\"background-image: url(https:\/\/zahnklinik-nordhorn.de\/wp-content\/uploads\/2025\/10\/parodontologie.jpg);background-repeat: no-repeat;\"><\/div><div class=\"l-section-overlay\" style=\"background:rgba(208,203,196,0)\"><\/div><div class=\"l-section-h i-cf\"><div class=\"g-cols vc_row via_grid cols_1 laptops-cols_inherit tablets-cols_inherit mobiles-cols_1 valign_top type_default stacking_default\"><div class=\"wpb_column vc_column_container us_custom_0e6056da has_text_color\"><div class=\"vc_column-inner\"><\/div><\/div><\/div><\/div><\/section><section class=\"l-section wpb_row us_custom_057801f8 hide_on_default hide_on_laptops hide_on_tablets height_small\"><div class=\"l-section-h i-cf\"><div class=\"g-cols vc_row via_grid cols_1 laptops-cols_inherit tablets-cols_inherit mobiles-cols_1 valign_top type_default stacking_default\"><div class=\"wpb_column vc_column_container\"><div class=\"vc_column-inner\"><div class=\"g-cols wpb_row via_grid cols_1 laptops-cols_inherit tablets-cols_inherit mobiles-cols_1 valign_top type_default stacking_default\" style=\"--columns-gap:3rem;\"><div class=\"wpb_column vc_column_container\"><div class=\"vc_column-inner\"><h1 class=\"w-text us_custom_eb849559\"><span class=\"w-text-h\"><span class=\"w-text-value\">Periodontology<\/span><\/span><\/h1><div class=\"w-text us_custom_12c92638\"><span class=\"w-text-h\"><span class=\"w-text-value\">Periodontology in Nordhorn<\/span><\/span><\/div><\/div><\/div><\/div><\/div><\/div><\/div><\/div><\/section><section class=\"l-section wpb_row us_custom_4edece6e height_small\"><div class=\"l-section-h i-cf\"><div class=\"g-cols vc_row via_grid cols_2 laptops-cols_inherit tablets-cols_inherit mobiles-cols_1 valign_top type_default stacking_default\"><div class=\"wpb_column vc_column_container\"><div class=\"vc_column-inner\"><div class=\"wpb_text_column us_custom_432d3f53\"><div class=\"wpb_wrapper\"><h3 style=\"text-align: left;\">Periodontitis (Periodontal Disease) \u2013 The underestimated widespread disease number 1:<\/h3>\n<p>Periodontitis is a chronic inflammation of the tooth-supporting tissues caused by bacterial plaque. Initial signs such as reddened or bleeding gums are often ignored \u2013 but if left untreated, the disease leads to the recession of gums and jawbone, to tooth loosening and eventually even to the loss of healthy teeth. <\/p>\n<p>But not only your oral health is affected! Periodontitis can significantly impair general health. Bacteria and their toxins enter the body through the bloodstream and promote cardiovascular diseases, rheumatic complaints, poorer diabetes control and even complications during pregnancy.  <\/p>\n<p>In Germany, more than 10 million people are affected \u2013 but with targeted prevention, early detection and modern periodontitis therapy, the course of the disease can be stopped.<\/p>\n<\/div><\/div><\/div><\/div><div class=\"wpb_column vc_column_container us_custom_3718e231\"><div class=\"vc_column-inner\"><div class=\"w-image us_custom_3718e231 has_ratio align_none\"><div class=\"w-image-h\"><div style=\"padding-bottom:100%\"><\/div><img decoding=\"async\" width=\"1024\" height=\"683\" src=\"https:\/\/zahnklinik-nordhorn.de\/wp-content\/uploads\/2025\/09\/MarketinghuusZahnklinik_027-1024x683.jpg\" class=\"attachment-large size-large\" alt=\"Strahlend l\u00e4chelnde Zahnmedizinische Fachkraft in blauer Berufskleidung mit Brille vor einer Monitoransicht mit R\u00f6ntgenbild, helles Ambiente.\" loading=\"lazy\" \/><\/div><\/div><\/div><\/div><\/div><\/div><\/section><section class=\"l-section wpb_row height_small\"><div class=\"l-section-h i-cf\"><div class=\"g-cols vc_row via_grid cols_1 laptops-cols_inherit tablets-cols_inherit mobiles-cols_1 valign_top type_default stacking_default\"><div class=\"wpb_column vc_column_container\"><div class=\"vc_column-inner\"><div class=\"w-separator size_small with_line width_default thick_1 style_solid color_border align_center\"><div class=\"w-separator-h\"><\/div><\/div><\/div><\/div><\/div><\/div><\/section><section class=\"l-section wpb_row height_small\"><div class=\"l-section-h i-cf\"><div class=\"g-cols vc_row via_grid cols_1 laptops-cols_inherit tablets-cols_inherit mobiles-cols_1 valign_top type_default stacking_default\"><div class=\"wpb_column vc_column_container\"><div class=\"vc_column-inner\"><div class=\"wpb_text_column us_custom_432d3f53\"><div class=\"wpb_wrapper\"><h3 style=\"text-align: center;\">Progression of periodontitis<\/h3>\n<\/div><\/div><div class=\"w-separator size_medium\"><\/div><div class=\"g-cols wpb_row via_grid cols_2 laptops-cols_inherit tablets-cols_inherit mobiles-cols_1 valign_top type_default stacking_default\" style=\"--columns-gap:3rem;\"><div class=\"wpb_column vc_column_container\"><div class=\"vc_column-inner\"><div class=\"w-image align_none\"><div class=\"w-image-h\"><img decoding=\"async\" width=\"1024\" height=\"576\" src=\"https:\/\/zahnklinik-nordhorn.de\/wp-content\/uploads\/2025\/10\/1_zahnaufbau-zahnhalteapparat-1024x576.jpg\" class=\"attachment-large size-large\" alt=\"Grafische Darstellung des Aufbaus eines Zahns mit Zahnkrone, Zahnhals und Zahnwurzel. Sichtbar sind Zahnfleisch, Wurzelelement, Wurzelhaut und Knochen (Alveole) im Querschnitt.\" loading=\"lazy\" srcset=\"https:\/\/zahnklinik-nordhorn.de\/wp-content\/uploads\/2025\/10\/1_zahnaufbau-zahnhalteapparat-1024x576.jpg 1024w, https:\/\/zahnklinik-nordhorn.de\/wp-content\/uploads\/2025\/10\/1_zahnaufbau-zahnhalteapparat-300x169.jpg 300w, https:\/\/zahnklinik-nordhorn.de\/wp-content\/uploads\/2025\/10\/1_zahnaufbau-zahnhalteapparat-1536x864.jpg 1536w, https:\/\/zahnklinik-nordhorn.de\/wp-content\/uploads\/2025\/10\/1_zahnaufbau-zahnhalteapparat.jpg 1920w\" sizes=\"auto, (max-width: 1024px) 100vw, 1024px\" \/><\/div><\/div><\/div><\/div><div class=\"wpb_column vc_column_container us_custom_c8a6dcc3\"><div class=\"vc_column-inner\"><div class=\"wpb_text_column us_custom_381ef247\"><div class=\"wpb_wrapper\"><h5 style=\"text-align: center;\">Healthy gums<\/h5>\n<p>Healthy gums are pale pink, completely fill the spaces between the teeth and do not bleed when brushing.<\/p>\n<\/div><\/div><\/div><\/div><\/div><\/div><\/div><\/div><\/div><\/section><section class=\"l-section wpb_row height_small\"><div class=\"l-section-h i-cf\"><div class=\"g-cols vc_row via_grid cols_1 laptops-cols_inherit tablets-cols_inherit mobiles-cols_1 valign_top type_default reversed stacking_default\"><div class=\"wpb_column vc_column_container\"><div class=\"vc_column-inner\"><div class=\"w-separator size_custom\" style=\"height:10px\"><\/div><div class=\"g-cols wpb_row via_grid cols_2 laptops-cols_inherit tablets-cols_inherit mobiles-cols_1 valign_top type_default reversed stacking_default\" style=\"--columns-gap:3rem;\"><div class=\"wpb_column vc_column_container us_custom_c8a6dcc3\"><div class=\"vc_column-inner\"><div class=\"wpb_text_column us_custom_381ef247\"><div class=\"wpb_wrapper\"><h5 style=\"text-align: center;\">Gingivitis (Gum Inflammation)<\/h5>\n<p>Inflamed gums are reddened and swollen, bleed easily when brushing, and are caused by plaque and initial tartar is visible. This condition is usually still completely reversible.<\/p>\n<\/div><\/div><\/div><\/div><div class=\"wpb_column vc_column_container us_custom_c8a6dcc3\"><div class=\"vc_column-inner\"><div class=\"w-image align_none\"><div class=\"w-image-h\"><img decoding=\"async\" width=\"1024\" height=\"576\" src=\"https:\/\/zahnklinik-nordhorn.de\/wp-content\/uploads\/2025\/10\/2_zahnfleischentzuendung-gingivitis-1024x576.jpg\" class=\"attachment-large size-large\" alt=\"Grafische Darstellung einer Zahnfleischentz\u00fcndung (Gingivitis). Zu sehen sind Plaque, Zahnstein, entz\u00fcndetes Zahnfleisch und gesundes Zahnfleisch im Querschnitt des Zahns.\" loading=\"lazy\" srcset=\"https:\/\/zahnklinik-nordhorn.de\/wp-content\/uploads\/2025\/10\/2_zahnfleischentzuendung-gingivitis-1024x576.jpg 1024w, https:\/\/zahnklinik-nordhorn.de\/wp-content\/uploads\/2025\/10\/2_zahnfleischentzuendung-gingivitis-300x169.jpg 300w, https:\/\/zahnklinik-nordhorn.de\/wp-content\/uploads\/2025\/10\/2_zahnfleischentzuendung-gingivitis-1536x864.jpg 1536w, https:\/\/zahnklinik-nordhorn.de\/wp-content\/uploads\/2025\/10\/2_zahnfleischentzuendung-gingivitis.jpg 1920w\" sizes=\"auto, (max-width: 1024px) 100vw, 1024px\" \/><\/div><\/div><\/div><\/div><\/div><\/div><\/div><\/div><\/div><\/section><section class=\"l-section wpb_row height_small\"><div class=\"l-section-h i-cf\"><div class=\"g-cols vc_row via_grid cols_1 laptops-cols_inherit tablets-cols_inherit mobiles-cols_1 valign_top type_default stacking_default\"><div class=\"wpb_column vc_column_container\"><div class=\"vc_column-inner\"><div class=\"w-separator size_custom\" style=\"height:10px\"><\/div><div class=\"g-cols wpb_row via_grid cols_2 laptops-cols_inherit tablets-cols_inherit mobiles-cols_1 valign_top type_default stacking_default\" style=\"--columns-gap:3rem;\"><div class=\"wpb_column vc_column_container us_custom_c8a6dcc3\"><div class=\"vc_column-inner\"><div class=\"w-image align_none\"><div class=\"w-image-h\"><img decoding=\"async\" width=\"1024\" height=\"576\" src=\"https:\/\/zahnklinik-nordhorn.de\/wp-content\/uploads\/2025\/10\/3_parodontitis-maessig-fortgeschritten-1024x576.jpg\" class=\"attachment-large size-large\" alt=\"Grafische Darstellung einer Parodontitis im m\u00e4\u00dfig fortgeschrittenen Stadium mit entz\u00fcndetem Zahnfleisch, Zahnstein und gesch\u00e4digtem Zahnhalteapparat.\" loading=\"lazy\" srcset=\"https:\/\/zahnklinik-nordhorn.de\/wp-content\/uploads\/2025\/10\/3_parodontitis-maessig-fortgeschritten-1024x576.jpg 1024w, https:\/\/zahnklinik-nordhorn.de\/wp-content\/uploads\/2025\/10\/3_parodontitis-maessig-fortgeschritten-300x169.jpg 300w, https:\/\/zahnklinik-nordhorn.de\/wp-content\/uploads\/2025\/10\/3_parodontitis-maessig-fortgeschritten-1536x864.jpg 1536w, https:\/\/zahnklinik-nordhorn.de\/wp-content\/uploads\/2025\/10\/3_parodontitis-maessig-fortgeschritten.jpg 1920w\" sizes=\"auto, (max-width: 1024px) 100vw, 1024px\" \/><\/div><\/div><\/div><\/div><div class=\"wpb_column vc_column_container us_custom_c8a6dcc3\"><div class=\"vc_column-inner\"><div class=\"wpb_text_column us_custom_381ef247\"><div class=\"wpb_wrapper\"><h5 style=\"text-align: center;\">Moderately advanced stage<\/h5>\n<p>Gingival pockets form with firmly adhering tartar (calculus); the tissue is permanently inflamed and the tooth-supporting apparatus begins to recede.<\/p>\n<\/div><\/div><\/div><\/div><\/div><\/div><\/div><\/div><\/div><\/section><section class=\"l-section wpb_row height_small\"><div class=\"l-section-h i-cf\"><div class=\"g-cols vc_row via_grid cols_1 laptops-cols_inherit tablets-cols_inherit mobiles-cols_1 valign_top type_default reversed stacking_default\"><div class=\"wpb_column vc_column_container\"><div class=\"vc_column-inner\"><div class=\"w-separator size_custom\" style=\"height:10px\"><\/div><div class=\"g-cols wpb_row via_grid cols_2 laptops-cols_inherit tablets-cols_inherit mobiles-cols_1 valign_top type_default reversed stacking_default\" style=\"--columns-gap:3rem;\"><div class=\"wpb_column vc_column_container us_custom_c8a6dcc3\"><div class=\"vc_column-inner\"><div class=\"wpb_text_column us_custom_381ef247\"><div class=\"wpb_wrapper\"><h5 style=\"text-align: center;\">Far advanced stage<\/h5>\n<p>Deep, infected gingival pockets and significant bone loss lead to tooth loosening; without treatment, pain and tooth loss are imminent.<\/p>\n<\/div><\/div><\/div><\/div><div class=\"wpb_column vc_column_container us_custom_c8a6dcc3\"><div class=\"vc_column-inner\"><div class=\"w-image align_none\"><div class=\"w-image-h\"><img decoding=\"async\" width=\"1024\" height=\"576\" src=\"https:\/\/zahnklinik-nordhorn.de\/wp-content\/uploads\/2025\/10\/4_parodontitis-weit-fortgeschritten-1024x576.jpg\" class=\"attachment-large size-large\" alt=\"Grafische Darstellung einer weit fortgeschrittenen Parodontitis mit entz\u00fcndetem Zahnfleisch, infizierter Zahnfleischtasche, Zahnstein und Knochenr\u00fcckbildung\" loading=\"lazy\" srcset=\"https:\/\/zahnklinik-nordhorn.de\/wp-content\/uploads\/2025\/10\/4_parodontitis-weit-fortgeschritten-1024x576.jpg 1024w, https:\/\/zahnklinik-nordhorn.de\/wp-content\/uploads\/2025\/10\/4_parodontitis-weit-fortgeschritten-300x169.jpg 300w, https:\/\/zahnklinik-nordhorn.de\/wp-content\/uploads\/2025\/10\/4_parodontitis-weit-fortgeschritten-1536x864.jpg 1536w, https:\/\/zahnklinik-nordhorn.de\/wp-content\/uploads\/2025\/10\/4_parodontitis-weit-fortgeschritten.jpg 1920w\" sizes=\"auto, (max-width: 1024px) 100vw, 1024px\" \/><\/div><\/div><\/div><\/div><\/div><\/div><\/div><\/div><\/div><\/section><section class=\"l-section wpb_row height_auto\"><div class=\"l-section-h i-cf\"><div class=\"g-cols vc_row via_grid cols_1 laptops-cols_inherit tablets-cols_inherit mobiles-cols_1 valign_top type_default stacking_default\"><div class=\"wpb_column vc_column_container\"><div class=\"vc_column-inner\"><div class=\"w-separator size_medium\"><\/div><div class=\"w-image align_none\"><div class=\"w-image-h\"><img decoding=\"async\" width=\"1920\" height=\"1080\" src=\"https:\/\/zahnklinik-nordhorn.de\/wp-content\/uploads\/2025\/10\/5_parodontitis-symptome.jpg\" class=\"attachment-full size-full\" alt=\"Grafische Darstellung der verschiedenen Stadien einer Parodontitis \u2013 von gesundem Zahnfleisch \u00fcber Zahnfleischentz\u00fcndung bis hin zu schwerer Parodontitis mit Knochenabbau.\" loading=\"lazy\" srcset=\"https:\/\/zahnklinik-nordhorn.de\/wp-content\/uploads\/2025\/10\/5_parodontitis-symptome.jpg 1920w, https:\/\/zahnklinik-nordhorn.de\/wp-content\/uploads\/2025\/10\/5_parodontitis-symptome-300x169.jpg 300w, https:\/\/zahnklinik-nordhorn.de\/wp-content\/uploads\/2025\/10\/5_parodontitis-symptome-1024x576.jpg 1024w, https:\/\/zahnklinik-nordhorn.de\/wp-content\/uploads\/2025\/10\/5_parodontitis-symptome-1536x864.jpg 1536w\" sizes=\"auto, (max-width: 1920px) 100vw, 1920px\" \/><\/div><\/div><div class=\"wpb_text_column us_custom_1b04de86\"><div class=\"wpb_wrapper\"><p style=\"text-align: right;\"><em>With kind permission of ECDI (The European Centers of Dental Implantology) &#8211; <a href=\"https:\/\/ecdi.de\/\" target=\"_blank\" rel=\"noopener\">www.ecdi.de<\/a><\/em><\/p>\n<\/div><\/div><\/div><\/div><\/div><\/div><\/section><section class=\"l-section wpb_row height_small\"><div class=\"l-section-h i-cf\"><div class=\"g-cols vc_row via_grid cols_1 laptops-cols_inherit tablets-cols_inherit mobiles-cols_1 valign_top type_default stacking_default\"><div class=\"wpb_column vc_column_container\"><div class=\"vc_column-inner\"><div class=\"wpb_text_column\"><div class=\"wpb_wrapper\"><p style=\"text-align: center; text-shadow: 1px 0 grey;\">Periodontitis can also develop without any noticeable symptoms for those affected!<\/p>\n<\/div><\/div><\/div><\/div><\/div><\/div><\/section><section class=\"l-section wpb_row height_small\"><div class=\"l-section-h i-cf\"><div class=\"g-cols vc_row via_grid cols_1 laptops-cols_inherit tablets-cols_inherit mobiles-cols_1 valign_top type_default stacking_default\"><div class=\"wpb_column vc_column_container\"><div class=\"vc_column-inner\"><div class=\"w-separator size_small with_line width_default thick_1 style_solid color_border align_center\"><div class=\"w-separator-h\"><\/div><\/div><\/div><\/div><\/div><\/div><\/section><section class=\"l-section wpb_row us_custom_c1069443 height_small\"><div class=\"l-section-h i-cf\"><div class=\"g-cols vc_row via_grid cols_1 laptops-cols_inherit tablets-cols_inherit mobiles-cols_1 valign_top type_default stacking_default\"><div class=\"wpb_column vc_column_container\"><div class=\"vc_column-inner\"><div class=\"wpb_text_column us_custom_432d3f53\"><div class=\"wpb_wrapper\"><h4>1. Pretreatment \u2013 The basis for successful therapy<\/h4>\n<ul>\n<li>Recording your individual disease status<\/li>\n<li>Professional teeth cleaning with polishing of the tooth surfaces<\/li>\n<li>Advice on optimal oral hygiene<\/li>\n<\/ul>\n<\/div><\/div><\/div><\/div><div class=\"wpb_column vc_column_container\"><div class=\"vc_column-inner\"><div class=\"wpb_text_column us_custom_432d3f53\"><div class=\"wpb_wrapper\"><h4>2. Periodontitis therapy<\/h4>\n<ul>\n<li>Deep cleaning: Removal of bacteria and plaque below the gum line<\/li>\n<li>If necessary, germ analysis &amp; risk test: Individual determination of the disease-causing bacteria in order to precisely tailor the therapy to them and specifically reduce them to a minimum with antibiotics<\/li>\n<li>Antibiotic therapy: Only when proven necessary for targeted germ reduction<\/li>\n<li>If necessary, surgical therapy: Careful loosening of the gums, cleaning of deep gingival pockets and removal of diseased tissue<\/li>\n<\/ul>\n<\/div><\/div><\/div><\/div><div class=\"wpb_column vc_column_container\"><div class=\"vc_column-inner\"><div class=\"wpb_text_column us_custom_432d3f53\"><div class=\"wpb_wrapper\"><h4>3. Individual aftercare (SPT \u2013 Supportive Periodontal Therapy)<\/h4>\n<p>Since periodontitis is not curable, but can be stopped, we place particular emphasis on regular aftercare appointments with:<\/p>\n<ul>\n<li>Control and cleaning of the gingival pockets<\/li>\n<li>Removal of new bacterial plaque<\/li>\n<li>Support for your oral hygiene routine<\/li>\n<\/ul>\n<h6>Our goal: To preserve your teeth \u2013 for as long as possible!<\/h6>\n<\/div><\/div><\/div><\/div><\/div><\/div><\/section><section class=\"l-section wpb_row height_small\"><div class=\"l-section-h i-cf\"><div class=\"g-cols vc_row via_grid cols_1 laptops-cols_inherit tablets-cols_inherit mobiles-cols_1 valign_top type_default stacking_default\"><div class=\"wpb_column vc_column_container\"><div class=\"vc_column-inner\"><div class=\"w-separator size_small with_line width_default thick_1 style_solid color_border align_center\"><div class=\"w-separator-h\"><\/div><\/div><\/div><\/div><\/div><\/div><\/section><section class=\"l-section wpb_row us_custom_c1069443 height_small\"><div class=\"l-section-h i-cf\"><div class=\"g-cols vc_row via_grid cols_1-2 laptops-cols_inherit tablets-cols_inherit mobiles-cols_1 valign_top type_default stacking_default\"><div class=\"wpb_column vc_column_container\"><div class=\"vc_column-inner\"><div class=\"wpb_text_column\"><div class=\"wpb_wrapper\"><h3>Our maxim:<br \/>\nTooth preservation before dentures<\/h3>\n<\/div><\/div><\/div><\/div><div class=\"wpb_column vc_column_container\"><div class=\"vc_column-inner\"><div class=\"wpb_text_column us_custom_432d3f53\"><div class=\"wpb_wrapper\"><p>Periodontitis is the most common cause of tooth loss. Therefore, our focus is on maintaining the health of your tooth-supporting tissues. Once periodontitis \u2013 always periodontitis \u2013 the disease is irreversible, but with the right treatment we can stop the progress.  <\/p>\n<p>Don&#8217;t let it get that far! We would be happy to advise you in our practice in Nordhorn in order to keep your teeth healthy in the long term.<\/p>\n<\/div><\/div><\/div><\/div><\/div><\/div><\/section><section class=\"l-section wpb_row height_small\"><div class=\"l-section-h i-cf\"><div class=\"g-cols vc_row via_grid cols_1 laptops-cols_inherit tablets-cols_inherit mobiles-cols_1 valign_top type_default stacking_default\"><div class=\"wpb_column vc_column_container\"><div class=\"vc_column-inner\"><div class=\"w-separator size_medium\"><\/div><\/div><\/div><\/div><\/div><\/section>\n","protected":false},"excerpt":{"rendered":"PeriodontologyPeriodontology in NordhornPeriodontologyPeriodontology in NordhornPeriodontitis (Periodontal Disease) \u2013 The underestimated widespread disease number 1: Periodontitis is a chronic inflammation of the tooth-supporting tissues caused by bacterial plaque. Initial signs such as reddened or bleeding gums are often ignored \u2013 but if left untreated, the disease leads to the recession of gums and jawbone, to tooth...","protected":false},"author":1,"featured_media":0,"parent":0,"menu_order":0,"comment_status":"closed","ping_status":"closed","template":"","meta":{"footnotes":""},"class_list":["post-6154","page","type-page","status-publish","hentry"],"_links":{"self":[{"href":"https:\/\/zahnklinik-nordhorn.de\/en\/wp-json\/wp\/v2\/pages\/6154","targetHints":{"allow":["GET"]}}],"collection":[{"href":"https:\/\/zahnklinik-nordhorn.de\/en\/wp-json\/wp\/v2\/pages"}],"about":[{"href":"https:\/\/zahnklinik-nordhorn.de\/en\/wp-json\/wp\/v2\/types\/page"}],"author":[{"embeddable":true,"href":"https:\/\/zahnklinik-nordhorn.de\/en\/wp-json\/wp\/v2\/users\/1"}],"replies":[{"embeddable":true,"href":"https:\/\/zahnklinik-nordhorn.de\/en\/wp-json\/wp\/v2\/comments?post=6154"}],"version-history":[{"count":2,"href":"https:\/\/zahnklinik-nordhorn.de\/en\/wp-json\/wp\/v2\/pages\/6154\/revisions"}],"predecessor-version":[{"id":6160,"href":"https:\/\/zahnklinik-nordhorn.de\/en\/wp-json\/wp\/v2\/pages\/6154\/revisions\/6160"}],"wp:attachment":[{"href":"https:\/\/zahnklinik-nordhorn.de\/en\/wp-json\/wp\/v2\/media?parent=6154"}],"curies":[{"name":"wp","href":"https:\/\/api.w.org\/{rel}","templated":true}]}}