{"id":6267,"date":"2025-06-09T10:51:25","date_gmt":"2025-06-09T08:51:25","guid":{"rendered":"https:\/\/zahnklinik-nordhorn.de\/quality-concept\/"},"modified":"2026-01-08T11:50:20","modified_gmt":"2026-01-08T10:50:20","slug":"quality-concept","status":"publish","type":"page","link":"https:\/\/zahnklinik-nordhorn.de\/en\/quality-concept\/","title":{"rendered":"Quality Concept"},"content":{"rendered":"<section class=\"l-section wpb_row us_custom_994bd022 hide_on_mobiles height_huge full_height valign_bottom with_img\"><div class=\"l-section-img\" role=\"img\" data-img-width=\"2000\" data-img-height=\"1334\" style=\"background-image: url(https:\/\/zahnklinik-nordhorn.de\/wp-content\/uploads\/2025\/09\/MarketinghuusZahnklinik_014-scaled.jpg);\"><\/div><div class=\"l-section-overlay\" style=\"background:rgba(208,203,196,0)\"><\/div><div class=\"l-section-h i-cf\"><div class=\"g-cols vc_row via_grid cols_1 laptops-cols_inherit tablets-cols_inherit mobiles-cols_1 valign_top type_default stacking_default\"><div class=\"wpb_column vc_column_container us_custom_0e6056da has_text_color\"><div class=\"vc_column-inner\"><\/div><\/div><\/div><\/div><\/section><section class=\"l-section wpb_row us_custom_a0ea7461 hide_on_mobiles height_small\"><div class=\"l-section-h i-cf\"><div class=\"g-cols vc_row via_grid cols_1 laptops-cols_inherit tablets-cols_inherit mobiles-cols_1 valign_top type_default stacking_default\"><div class=\"wpb_column vc_column_container\"><div class=\"vc_column-inner\"><div class=\"g-cols wpb_row via_grid cols_1 laptops-cols_inherit tablets-cols_inherit mobiles-cols_1 valign_top type_default stacking_default\" style=\"--columns-gap:3rem;\"><div class=\"wpb_column vc_column_container\"><div class=\"vc_column-inner\"><h1 class=\"w-text us_custom_eb849559\"><span class=\"w-text-h\"><span class=\"w-text-value\">Quality Concept<\/span><\/span><\/h1><\/div><\/div><\/div><\/div><\/div><\/div><\/div><\/section><section class=\"l-section wpb_row hide_on_default hide_on_laptops hide_on_tablets height_huge with_img\"><div class=\"l-section-img\" role=\"img\" data-img-width=\"2000\" data-img-height=\"1334\" style=\"background-image: url(https:\/\/zahnklinik-nordhorn.de\/wp-content\/uploads\/2025\/09\/MarketinghuusZahnklinik_014-scaled.jpg);background-repeat: no-repeat;\"><\/div><div class=\"l-section-overlay\" style=\"background:rgba(208,203,196,0)\"><\/div><div class=\"l-section-h i-cf\"><div class=\"g-cols vc_row via_grid cols_1 laptops-cols_inherit tablets-cols_inherit mobiles-cols_1 valign_top type_default stacking_default\"><div class=\"wpb_column vc_column_container us_custom_0e6056da has_text_color\"><div class=\"vc_column-inner\"><\/div><\/div><\/div><\/div><\/section><section class=\"l-section wpb_row us_custom_057801f8 hide_on_default hide_on_laptops hide_on_tablets height_small\"><div class=\"l-section-h i-cf\"><div class=\"g-cols vc_row via_grid cols_1 laptops-cols_inherit tablets-cols_inherit mobiles-cols_1 valign_top type_default stacking_default\"><div class=\"wpb_column vc_column_container\"><div class=\"vc_column-inner\"><div class=\"g-cols wpb_row via_grid cols_1 laptops-cols_inherit tablets-cols_inherit mobiles-cols_1 valign_top type_default stacking_default\" style=\"--columns-gap:3rem;\"><div class=\"wpb_column vc_column_container\"><div class=\"vc_column-inner\"><h1 class=\"w-text us_custom_eb849559\"><span class=\"w-text-h\"><span class=\"w-text-value\">Quality<br \/>\nconcept<\/span><\/span><\/h1><\/div><\/div><\/div><\/div><\/div><\/div><\/div><\/section><section class=\"l-section wpb_row us_custom_4edece6e height_auto\"><div class=\"l-section-h i-cf\"><div class=\"g-cols vc_row via_grid cols_1 laptops-cols_inherit tablets-cols_inherit mobiles-cols_1 valign_top type_default stacking_default\"><div class=\"wpb_column vc_column_container\"><div class=\"vc_column-inner\"><div class=\"g-cols wpb_row via_grid cols_2 laptops-cols_inherit tablets-cols_inherit mobiles-cols_1 valign_middle type_default reversed stacking_default\" style=\"--columns-gap:4vw;\"><div class=\"wpb_column vc_column_container\"><div class=\"vc_column-inner\"><div class=\"w-image has_ratio align_none\"><div class=\"w-image-h\"><div style=\"padding-bottom:75%\"><\/div><img decoding=\"async\" width=\"1024\" height=\"683\" src=\"https:\/\/zahnklinik-nordhorn.de\/wp-content\/uploads\/2025\/09\/MarketinghuusZahnklinik_069-1024x683.jpg\" class=\"attachment-large size-large\" alt=\"\" loading=\"lazy\" \/><\/div><\/div><\/div><\/div><div class=\"wpb_column vc_column_container\"><div class=\"vc_column-inner\"><div class=\"w-separator size_small\"><\/div><div class=\"wpb_text_column us_custom_432d3f53\"><div class=\"wpb_wrapper\"><h3 style=\"text-align: left;\">Our goal &#8211; your long-term oral health<\/h3>\n<p>At Zahnklinik Nordhorn, we focus on quality with foresight. Our treatment concept is not geared towards short-term solutions or mere repairs \u2013 but towards sustainable success that ensures your long-term dental health.<\/p>\n<\/div><\/div><\/div><\/div><\/div><div class=\"w-separator size_medium\"><\/div><div class=\"g-cols wpb_row via_grid cols_2 laptops-cols_inherit tablets-cols_inherit mobiles-cols_1 valign_middle type_default stacking_default\" style=\"--columns-gap:4vw;\"><div class=\"wpb_column vc_column_container\"><div class=\"vc_column-inner\"><div class=\"wpb_text_column us_custom_d6b04a95\"><div class=\"wpb_wrapper\"><h3 style=\"text-align: left;\">Our conviction &#8211; tooth preservation and prophylaxis before dentures<\/h3>\n<p>We firmly believe that your natural teeth and healthy gums can be preserved well into old age. That is why tooth preservation always takes precedence over dentures for us. <\/p>\n<p>The foundation for this is consistent prevention. Prophylaxis is the key to your dental health. Our structured prophylaxis concept includes regular professional teeth cleaning and individual care. In this way, we reduce bacterial plaque (biofilms), prevent inflammation and create a healthy foundation for any further treatment.   <\/p>\n<p>Because: Dental medicine can only be successful in the long term in an inflammation-free mouth.<\/p>\n<\/div><\/div><\/div><\/div><div class=\"wpb_column vc_column_container\"><div class=\"vc_column-inner\"><div class=\"w-image has_ratio align_none\"><div class=\"w-image-h\"><div style=\"padding-bottom:75%\"><\/div><img decoding=\"async\" width=\"1024\" height=\"683\" src=\"https:\/\/zahnklinik-nordhorn.de\/wp-content\/uploads\/2025\/09\/MarketinghuusZahnklinik_068-1024x683.jpg\" class=\"attachment-large size-large\" alt=\"\" loading=\"lazy\" \/><\/div><\/div><\/div><\/div><\/div><div class=\"w-separator size_medium\"><\/div><div class=\"g-cols wpb_row via_grid cols_2 laptops-cols_inherit tablets-cols_inherit mobiles-cols_1 valign_middle type_default reversed stacking_default\" style=\"--columns-gap:4vw;\"><div class=\"wpb_column vc_column_container\"><div class=\"vc_column-inner\"><div class=\"w-image has_ratio align_none\"><div class=\"w-image-h\"><div style=\"padding-bottom:75%\"><\/div><img decoding=\"async\" width=\"1024\" height=\"683\" src=\"https:\/\/zahnklinik-nordhorn.de\/wp-content\/uploads\/2025\/10\/iStock-532170854-1024x683.jpg\" class=\"attachment-large size-large\" alt=\"Nahaufnahme einer zahn\u00e4rztlichen Untersuchung. Eine Person \u00f6ffnet den Mund, w\u00e4hrend der Zahnarzt mit blauen Handschuhen und Instrumenten \u2013 einem Spiegel und einer Sonde \u2013 die Z\u00e4hne kontrolliert.\" loading=\"lazy\" \/><\/div><\/div><\/div><\/div><div class=\"wpb_column vc_column_container\"><div class=\"vc_column-inner\"><div class=\"wpb_text_column us_custom_432d3f53\"><div class=\"wpb_wrapper\"><h3>Quality begins with prevention<\/h3>\n<p>We are convinced that those who consistently take preventive measures need to repair less. That is why we see prophylaxis not only as an additional service, but as the first and most important step towards long-term therapeutic success.<\/p>\n<\/div><\/div><\/div><\/div><\/div><div class=\"w-separator size_medium\"><\/div><\/div><\/div><\/div><\/div><\/section><section class=\"l-section wpb_row us_custom_9644b57b height_auto color_footer-bottom\"><div class=\"l-section-overlay\" style=\"background:var(--color-header-middle-bg)\"><\/div><div class=\"l-section-h i-cf\"><div class=\"g-cols vc_row via_grid cols_1-2 laptops-cols_inherit tablets-cols_inherit mobiles-cols_1 valign_top type_default stacking_default\" style=\"--columns-gap:4vw;\"><div class=\"wpb_column vc_column_container\"><div class=\"vc_column-inner\"><h2 class=\"w-text us_custom_a574d586 has_text_color\"><span class=\"w-text-h\"><span class=\"w-text-value\">Further quality<br \/>\ncharacteristics<\/span><\/span><\/h2><\/div><\/div><div class=\"wpb_column vc_column_container\"><div class=\"vc_column-inner\"><div class=\"w-tabs us_custom_03260c4e has_text_color style_default switch_click accordion remove_indents\" style=\"--sections-title-size:1.2rem\"><div class=\"w-tabs-sections titles-align_none icon_plus cpos_left\"><div class=\"w-tabs-section has_text_color\" id=\"o8d4\" itemscope itemprop=\"mainEntity\" itemtype=\"https:\/\/schema.org\/Question\" style=\"background:var(--color-header-middle-bg);\"><button class=\"w-tabs-section-header\" aria-controls=\"content-o8d4\" aria-expanded=\"false\"><div class=\"w-tabs-section-title\" itemprop=\"name\">Intensive consultation and education<\/div><div class=\"w-tabs-section-control\"><\/div><\/button><div  class=\"w-tabs-section-content us_custom_d442d90d\" id=\"content-o8d4\" itemscope itemprop=\"acceptedAnswer\" itemtype=\"https:\/\/schema.org\/Answer\"><div class=\"w-tabs-section-content-h i-cf\" itemprop=\"text\"><div class=\"wpb_text_column us_custom_dbbe5d38 has_text_color\"><div class=\"wpb_wrapper\"><p>A well-founded decision needs a good basis. That&#8217;s why we take the time to answer your questions \u2013 and explain all treatment options, alternatives and possible costs in an understandable and transparent manner. Your therapy begins with a real conversation \u2013 not with a measure.<\/p>\n<\/div><\/div><\/div><\/div><\/div><div class=\"w-tabs-section has_text_color\" id=\"nb46\" itemscope itemprop=\"mainEntity\" itemtype=\"https:\/\/schema.org\/Question\" style=\"background:var(--color-header-middle-bg);\"><button class=\"w-tabs-section-header\" aria-controls=\"content-nb46\" aria-expanded=\"false\"><div class=\"w-tabs-section-title\" itemprop=\"name\">Professional expertise and continuous training<\/div><div class=\"w-tabs-section-control\"><\/div><\/button><div  class=\"w-tabs-section-content us_custom_d442d90d\" id=\"content-nb46\" itemscope itemprop=\"acceptedAnswer\" itemtype=\"https:\/\/schema.org\/Answer\"><div class=\"w-tabs-section-content-h i-cf\" itemprop=\"text\"><div class=\"wpb_text_column us_custom_fe1ec7a6 has_text_color\"><div class=\"wpb_wrapper\"><p>Surgical procedures and implantations are carried out in our practice clinic by an experienced specialist dentist for oral surgery. Our expertise and the regular further training of our team guarantee you the best possible treatment at the highest medical level.<\/p>\n<\/div><\/div><\/div><\/div><\/div><div class=\"w-tabs-section has_text_color\" id=\"kdde\" itemscope itemprop=\"mainEntity\" itemtype=\"https:\/\/schema.org\/Question\" style=\"background:var(--color-header-middle-bg);\"><button class=\"w-tabs-section-header\" aria-controls=\"content-kdde\" aria-expanded=\"false\"><div class=\"w-tabs-section-title\" itemprop=\"name\">Everything from a single source, all under one roof<\/div><div class=\"w-tabs-section-control\"><\/div><\/button><div  class=\"w-tabs-section-content us_custom_d442d90d\" id=\"content-kdde\" itemscope itemprop=\"acceptedAnswer\" itemtype=\"https:\/\/schema.org\/Answer\"><div class=\"w-tabs-section-content-h i-cf\" itemprop=\"text\"><div class=\"wpb_text_column us_custom_fe1ec7a6 has_text_color\"><div class=\"wpb_wrapper\"><p>Complex treatments, from aesthetic to functional restorations or complete renovations, are carried out directly in our practice clinic \u2013 without the need for a referral to external specialists. Thanks to the close collaboration of our specialist departments, we can guarantee you safe and efficient treatment \u2013 all under one roof. This means you benefit from seamless support and optimal care without having to deal with different contact persons in different practices.<\/p>\n<\/div><\/div><\/div><\/div><\/div><div class=\"w-tabs-section has_text_color\" id=\"s0c2\" itemscope itemprop=\"mainEntity\" itemtype=\"https:\/\/schema.org\/Question\" style=\"background:var(--color-content-bg);\"><button class=\"w-tabs-section-header\" aria-controls=\"content-s0c2\" aria-expanded=\"false\"><div class=\"w-tabs-section-title\" itemprop=\"name\">Outpatient operations and partial inpatient admission<\/div><div class=\"w-tabs-section-control\"><\/div><\/button><div  class=\"w-tabs-section-content us_custom_d442d90d\" id=\"content-s0c2\" itemscope itemprop=\"acceptedAnswer\" itemtype=\"https:\/\/schema.org\/Answer\"><div class=\"w-tabs-section-content-h i-cf\" itemprop=\"text\"><div class=\"wpb_text_column us_custom_fe1ec7a6 has_text_color\"><div class=\"wpb_wrapper\"><p>In our practice clinic, we have a special affiliated operating area for surgical procedures that meets all modern standards. For larger procedures, we offer comfortable patient rooms with their own shower area for relaxation. Partial inpatient admission is also possible on request \u2013 for maximum safety and comfort.<\/p>\n<\/div><\/div><\/div><\/div><\/div><div class=\"w-tabs-section has_text_color\" id=\"k36c\" itemscope itemprop=\"mainEntity\" itemtype=\"https:\/\/schema.org\/Question\" style=\"background:var(--color-content-bg);\"><button class=\"w-tabs-section-header\" aria-controls=\"content-k36c\" aria-expanded=\"false\"><div class=\"w-tabs-section-title\" itemprop=\"name\">Anxious patients<\/div><div class=\"w-tabs-section-control\"><\/div><\/button><div  class=\"w-tabs-section-content us_custom_d442d90d\" id=\"content-k36c\" itemscope itemprop=\"acceptedAnswer\" itemtype=\"https:\/\/schema.org\/Answer\"><div class=\"w-tabs-section-content-h i-cf\" itemprop=\"text\"><div class=\"wpb_text_column us_custom_fe1ec7a6 has_text_color\"><div class=\"wpb_wrapper\"><p>Anxiety is not a weakness \u2013 and not a taboo subject for us. Our team specializes in the empathetic treatment of anxious patients. We take your worries and fears seriously and respond sensitively to your needs. We offer gentle and painless treatment options. If desired, we can also perform procedures under twilight sleep or general anesthesia &#8211; so that you always feel safe and in good hands.<\/p>\n<\/div><\/div><\/div><\/div><\/div><div class=\"w-tabs-section has_text_color\" id=\"q602\" itemscope itemprop=\"mainEntity\" itemtype=\"https:\/\/schema.org\/Question\" style=\"background:var(--color-content-bg);\"><button class=\"w-tabs-section-header\" aria-controls=\"content-q602\" aria-expanded=\"false\"><div class=\"w-tabs-section-title\" itemprop=\"name\">Modern medical technology<\/div><div class=\"w-tabs-section-control\"><\/div><\/button><div  class=\"w-tabs-section-content us_custom_d442d90d\" id=\"content-q602\" itemscope itemprop=\"acceptedAnswer\" itemtype=\"https:\/\/schema.org\/Answer\"><div class=\"w-tabs-section-content-h i-cf\" itemprop=\"text\"><div class=\"wpb_text_column us_custom_fe1ec7a6 has_text_color\"><div class=\"wpb_wrapper\"><p>For precise diagnosis and gentle treatment, we rely on state-of-the-art medical technology such as a digital volume tomograph (DVT) for creating 3D images, surgical microscope, magnifying glasses or a central water disinfection system. This not only increases safety and precision, but also ensures a better treatment result.<\/p>\n<\/div><\/div><\/div><\/div><\/div><div class=\"w-tabs-section has_text_color\" id=\"h8bf\" itemscope itemprop=\"mainEntity\" itemtype=\"https:\/\/schema.org\/Question\" style=\"background:var(--color-content-bg);\"><button class=\"w-tabs-section-header\" aria-controls=\"content-h8bf\" aria-expanded=\"false\"><div class=\"w-tabs-section-title\" itemprop=\"name\">Highest standards in quality and hygiene<\/div><div class=\"w-tabs-section-control\"><\/div><\/button><div  class=\"w-tabs-section-content us_custom_d442d90d\" id=\"content-h8bf\" itemscope itemprop=\"acceptedAnswer\" itemtype=\"https:\/\/schema.org\/Answer\"><div class=\"w-tabs-section-content-h i-cf\" itemprop=\"text\"><div class=\"wpb_text_column us_custom_fe1ec7a6 has_text_color\"><div class=\"wpb_wrapper\"><p>Hygiene is not a promise for us, but a standard. All sterilization and processing procedures comply with the strict requirements of the Robert Koch Institute and the current requirements of the Medical Devices Act. Perfect hygiene is a must for us to protect your health and promote rapid healing.<\/p>\n<\/div><\/div><\/div><\/div><\/div><\/div><\/div><\/div><\/div><\/div><\/div><\/section><section class=\"l-section wpb_row height_small\"><div class=\"l-section-h i-cf\"><div class=\"g-cols vc_row via_grid cols_1 laptops-cols_inherit tablets-cols_inherit mobiles-cols_1 valign_top type_default stacking_default\"><div class=\"wpb_column vc_column_container\"><div class=\"vc_column-inner\"><\/div><\/div><\/div><\/div><\/section>\n","protected":false},"excerpt":{"rendered":"Quality ConceptQuality conceptOur goal &#8211; your long-term oral health At Zahnklinik Nordhorn, we focus on quality with foresight. Our treatment concept is not geared towards short-term solutions or mere repairs \u2013 but towards sustainable success that ensures your long-term dental health. Our conviction &#8211; tooth preservation and prophylaxis before dentures We firmly believe that your...","protected":false},"author":1,"featured_media":0,"parent":0,"menu_order":0,"comment_status":"closed","ping_status":"closed","template":"","meta":{"footnotes":""},"class_list":["post-6267","page","type-page","status-publish","hentry"],"_links":{"self":[{"href":"https:\/\/zahnklinik-nordhorn.de\/en\/wp-json\/wp\/v2\/pages\/6267","targetHints":{"allow":["GET"]}}],"collection":[{"href":"https:\/\/zahnklinik-nordhorn.de\/en\/wp-json\/wp\/v2\/pages"}],"about":[{"href":"https:\/\/zahnklinik-nordhorn.de\/en\/wp-json\/wp\/v2\/types\/page"}],"author":[{"embeddable":true,"href":"https:\/\/zahnklinik-nordhorn.de\/en\/wp-json\/wp\/v2\/users\/1"}],"replies":[{"embeddable":true,"href":"https:\/\/zahnklinik-nordhorn.de\/en\/wp-json\/wp\/v2\/comments?post=6267"}],"version-history":[{"count":3,"href":"https:\/\/zahnklinik-nordhorn.de\/en\/wp-json\/wp\/v2\/pages\/6267\/revisions"}],"predecessor-version":[{"id":6275,"href":"https:\/\/zahnklinik-nordhorn.de\/en\/wp-json\/wp\/v2\/pages\/6267\/revisions\/6275"}],"wp:attachment":[{"href":"https:\/\/zahnklinik-nordhorn.de\/en\/wp-json\/wp\/v2\/media?parent=6267"}],"curies":[{"name":"wp","href":"https:\/\/api.w.org\/{rel}","templated":true}]}}